{"id":967,"date":"2023-08-27T20:36:00","date_gmt":"2023-08-27T18:36:00","guid":{"rendered":"https:\/\/www.zsohrobec.cz\/nove\/?page_id=967"},"modified":"2026-01-16T12:46:36","modified_gmt":"2026-01-16T11:46:36","slug":"krouzky","status":"publish","type":"page","link":"https:\/\/www.zsohrobec.cz\/nove\/krouzky\/","title":{"rendered":"Krou\u017eky"},"content":{"rendered":"<p>[vc_row][vc_column][vc_column_text]<span style=\"color: #339966;\"><strong>2025 \/2026<\/strong><\/span><\/p>\n<p><span style=\"color: #339966;\"><strong>Mimo\u0161koln\u00ed aktivity v Z\u0160 (krou\u017eky)<\/strong><\/span><\/p>\n<ul>\n<li>Aj 1. t\u0159\u00edda &#8211; St\u0159eda 12:15 (ve sv\u00e9 t\u0159\u00edd\u011b)<\/li>\n<li>Aj 2. t\u0159\u00edda &#8211; St\u0159eda + p\u00e1tek 12:15 (ve sv\u00e9 t\u0159\u00edd\u011b)<\/li>\n<\/ul>\n<p><strong><span style=\"color: #339966;\">Mimo\u0161koln\u00ed aktivity od extern\u00edch lektor\u016f (organizac\u00edch)<\/span><\/strong><\/p>\n<p><a href=\"https:\/\/www.brezanek.cz\/kurzy\/\"><u><span style=\"font-size: 11.0pt;\">MC B\u0158E\u017d\u00c1NEK<\/span><\/u><\/a><\/p>\n<p><span style=\"font-size: 11.0pt;\">(p\u0159ihla\u0161ov\u00e1n\u00ed na&nbsp;<\/span><a href=\"https:\/\/brezanek.webooker.eu\/flutter\/#\/courses\/semester\/11335\" data-cke-saved-href=\"https:\/\/brezanek.webooker.eu\/flutter\/#\/courses\/semester\/11335\">https:\/\/brezanek.webooker.eu\/flutter\/#\/courses\/semester\/11335<\/a>)<\/p>\n<p><span style=\"color: #ff00ff;\"><strong><span style=\"font-weight: normal;\">Happy English for you<\/span><\/strong><\/span> (3. &#8211; 4. t\u0159\u00edda, 5. &#8211; 6. t\u0159\u00edda, 7. &#8211; 9. t\u0159\u00edda -V Dol\u00edch 5)<\/p>\n<p><span style=\"color: #ff00ff;\"><strong><span style=\"font-weight: normal;\">Lego Education<\/span><\/strong><\/span> (1. &#8211; 5. t\u0159\u00edda &#8211; K\u00e1rov)<\/p>\n<p><span style=\"color: #ff00ff;\">Planet Bean Art<\/span> (V Dol\u00edch 600 &#8211; TV)<\/p>\n<p><span style=\"color: #ff00ff;\">\u0160achy<\/span> (K\u00e1rov)<\/p>\n<p>\u00fater\u00fd 13:00 &#8211; 14:00<\/p>\n<p><u><\/u><u><a href=\"https:\/\/www.zsohrobec.cz\/nove\/wp-content\/uploads\/2025\/11\/prihlaska_sachy.pdf\">p\u0159ihl\u00e1\u0161ka_\u0161achy<\/a><\/u><\/p>\n<p><span style=\"color: #ff00ff;\">Krou\u017eek skl\u00e1d\u00e1n\u00ed Rubikovy kostky<\/span><\/p>\n<p><span style=\"color: #ff00ff;\"><a href=\"https:\/\/www.zsohrobec.cz\/nove\/wp-content\/uploads\/2026\/01\/Krouzek-rubikova-kostka.jpg\"><img loading=\"lazy\" decoding=\"async\" class=\"alignnone wp-image-8094\" src=\"https:\/\/www.zsohrobec.cz\/nove\/wp-content\/uploads\/2026\/01\/Krouzek-rubikova-kostka-683x1024.jpg\" alt=\"\" width=\"97\" height=\"146\" srcset=\"https:\/\/www.zsohrobec.cz\/nove\/wp-content\/uploads\/2026\/01\/Krouzek-rubikova-kostka-683x1024.jpg 683w, https:\/\/www.zsohrobec.cz\/nove\/wp-content\/uploads\/2026\/01\/Krouzek-rubikova-kostka-200x300.jpg 200w, https:\/\/www.zsohrobec.cz\/nove\/wp-content\/uploads\/2026\/01\/Krouzek-rubikova-kostka.jpg 1024w\" sizes=\"auto, (max-width: 97px) 100vw, 97px\" \/><\/a><\/span><\/p>\n<p><span style=\"color: #ff00ff;\">Orienta\u010dn\u00ed b\u011bh<\/span><\/p>\n<p><a href=\"https:\/\/www.obzvole.cz\/\"><u>OB ZVOLE &#8211; orienta\u010dn\u00ed b\u011bh Zvole<\/u><\/a><\/p>\n<p><span style=\"color: #0000ff;\"><a style=\"color: #0000ff;\" href=\"https:\/\/www.zsohrobec.cz\/nove\/wp-content\/uploads\/2025\/09\/Orientacni-beh.pdf\">Orienta\u010dn\u00ed b\u011bh &#8211; let\u00e1k<\/a><\/span><\/p>\n<ul>\n<li><em><span style=\"font-size: 11.0pt;\">tr\u00e9ninky jsou ve st\u0159edu od 17:00 do 18:30 tr\u00e9ninky prob\u00edhaj\u00ed v les\u00edch okolo Zvole, Ohrobce a B\u0159ezov\u00e9 v obdob\u00ed zimn\u00edho \u010dasu (listopad &#8211; b\u0159ezen) jsou tr\u00e9ninky v t\u011blocvi\u010dn\u011b (Zvole, Ohrobec), d\u00e1le b\u011b\u017eeck\u00e9 tr\u00e9ninky jsou v pond\u011bl\u00ed od 17:00 do 18:00 v okol\u00ed Zvole<\/span><\/em><\/li>\n<\/ul>\n<p><span style=\"color: #ff00ff;\"><a style=\"color: #ff00ff;\" href=\"https:\/\/www.sang.cz\/\"><u><span style=\"font-size: 11.0pt;\">SANG <\/span><\/u><\/a><\/span><\/p>\n<p><u><span style=\"font-size: 11.0pt;\"><a href=\"https:\/\/www.zsohrobec.cz\/nove\/wp-content\/uploads\/2025\/09\/SANG.jpg\"><img loading=\"lazy\" decoding=\"async\" class=\"alignleft wp-image-6754 size-thumbnail\" src=\"https:\/\/www.zsohrobec.cz\/nove\/wp-content\/uploads\/2025\/09\/SANG-150x150.jpg\" alt=\"\" width=\"150\" height=\"150\"><\/a><\/span><\/u><\/p>\n<p>&nbsp;<\/p>\n<p>&nbsp;<\/p>\n<p>&nbsp;<\/p>\n<p>&nbsp;<\/p>\n<p>&nbsp;<\/p>\n<p><span style=\"color: #ff00ff;\">Volejbal<\/span><\/p>\n<p><a href=\"https:\/\/www.tjorion.cz\/uvod\/\"><u><span style=\"font-size: 11.0pt;\">VOLEJBALOV\u00dd ODD\u00cdL ORION <\/span><\/u><\/a><\/p>\n<p><a href=\"https:\/\/www.zsohrobec.cz\/nove\/wp-content\/uploads\/2025\/09\/Orion.jpg\"><img loading=\"lazy\" decoding=\"async\" class=\"wp-image-6753 size-thumbnail alignleft\" src=\"https:\/\/www.zsohrobec.cz\/nove\/wp-content\/uploads\/2025\/09\/Orion-150x150.jpg\" alt=\"\" width=\"150\" height=\"150\" srcset=\"https:\/\/www.zsohrobec.cz\/nove\/wp-content\/uploads\/2025\/09\/Orion-150x150.jpg 150w, https:\/\/www.zsohrobec.cz\/nove\/wp-content\/uploads\/2025\/09\/Orion-300x300.jpg 300w, https:\/\/www.zsohrobec.cz\/nove\/wp-content\/uploads\/2025\/09\/Orion-1024x1024.jpg 1024w, https:\/\/www.zsohrobec.cz\/nove\/wp-content\/uploads\/2025\/09\/Orion.jpg 1600w\" sizes=\"auto, (max-width: 150px) 100vw, 150px\" \/><\/a>[\/vc_column_text][\/vc_column][vc_column][\/vc_column][\/vc_row]<\/p>\n","protected":false},"excerpt":{"rendered":"<p>[vc_row][vc_column][vc_column_text]2025 \/2026 Mimo\u0161koln\u00ed aktivity v Z\u0160 (krou\u017eky) Aj 1. t\u0159\u00edda &#8211; St\u0159eda 12:15 (ve sv\u00e9 t\u0159\u00edd\u011b) Aj 2. t\u0159\u00edda &#8211;&nbsp;<a href=\"https:\/\/www.zsohrobec.cz\/nove\/krouzky\/\">&hellip;<\/a><\/p>\n","protected":false},"author":1,"featured_media":0,"parent":0,"menu_order":0,"comment_status":"closed","ping_status":"closed","template":"template-fullwidth.php","meta":{"ngg_post_thumbnail":0,"footnotes":""},"class_list":["post-967","page","type-page","status-publish","hentry","odd"],"_links":{"self":[{"href":"https:\/\/www.zsohrobec.cz\/nove\/wp-json\/wp\/v2\/pages\/967","targetHints":{"allow":["GET"]}}],"collection":[{"href":"https:\/\/www.zsohrobec.cz\/nove\/wp-json\/wp\/v2\/pages"}],"about":[{"href":"https:\/\/www.zsohrobec.cz\/nove\/wp-json\/wp\/v2\/types\/page"}],"author":[{"embeddable":true,"href":"https:\/\/www.zsohrobec.cz\/nove\/wp-json\/wp\/v2\/users\/1"}],"replies":[{"embeddable":true,"href":"https:\/\/www.zsohrobec.cz\/nove\/wp-json\/wp\/v2\/comments?post=967"}],"version-history":[{"count":46,"href":"https:\/\/www.zsohrobec.cz\/nove\/wp-json\/wp\/v2\/pages\/967\/revisions"}],"predecessor-version":[{"id":8095,"href":"https:\/\/www.zsohrobec.cz\/nove\/wp-json\/wp\/v2\/pages\/967\/revisions\/8095"}],"wp:attachment":[{"href":"https:\/\/www.zsohrobec.cz\/nove\/wp-json\/wp\/v2\/media?parent=967"}],"curies":[{"name":"wp","href":"https:\/\/api.w.org\/{rel}","templated":true}]}}