{"id":505,"date":"2023-06-16T14:34:53","date_gmt":"2023-06-16T12:34:53","guid":{"rendered":"https:\/\/www.zsohrobec.cz\/nove\/?page_id=505"},"modified":"2026-01-29T14:29:49","modified_gmt":"2026-01-29T13:29:49","slug":"materska-skola","status":"publish","type":"page","link":"https:\/\/www.zsohrobec.cz\/nove\/materska-skola\/","title":{"rendered":"Mate\u0159sk\u00e1 \u0161kola"},"content":{"rendered":"<p>[vc_row][vc_column width=&#8221;1\/4&#8243;][vc_wp_custommenu nav_menu=&#8221;16&#8243;][\/vc_column][vc_column width=&#8221;1\/2&#8243;][vc_basic_grid post_type=&#8221;post&#8221; max_items=&#8221;-1&#8243; style=&#8221;pagination&#8221; items_per_page=&#8221;2&#8243; element_width=&#8221;6&#8243; grid_id=&#8221;vc_gid:1769692461980-989af485-b682-4&#8243; taxonomies=&#8221;20&#8243;][\/vc_column][vc_column width=&#8221;1\/4&#8243;][vc_column_text]<strong>Pl\u00e1n akc\u00ed na \u0161koln\u00ed rok 2025\/2026<\/strong><\/p>\n<p>6. 2.&nbsp; &#8211; v\u00fdlet do lesa s Myslivcem<\/p>\n<p>25. 2. &#8211; Den otev\u0159en\u00fdch dve\u0159\u00ed (15:00 &#8211; 17:00)<\/p>\n<p>27. 2. &#8211; Masopust &#8211; kost\u00fdmy na sebe<\/p>\n<p>9. 3.&nbsp; &#8211; N\u00e1v\u0161t\u011bva knihovny<\/p>\n<p>13. 3. &#8211; N\u00e1v\u0161t\u011bva AGRO<\/p>\n<p>20. 3. &#8211; Muzeum stra\u0161idel + proch\u00e1zka se stra\u0161idlem<\/p>\n<p>23. 3.&nbsp; &#8211; 27. 3. &#8211; l\u00edhnut\u00ed ku\u0159\u00e1tek<\/p>\n<p>25. 3. &#8211; 26. 3. &#8211; Z\u00e1pis do M\u0160 (15:00 &#8211; 17:00)<\/p>\n<p>27. 3. &#8211; Velikono\u010dn\u00ed d\u00edlny&nbsp;<\/p>\n<p>3. 4. &#8211; 6. 4. &#8211; st\u00e1tn\u00ed sv\u00e1tek<\/p>\n<p>24. 4.&nbsp; &#8211; v\u00fdlet do \u010dokol\u00e1dovny<\/p>\n<p>29. 4.&nbsp; &#8211; hasi\u010di Zvole<\/p>\n<ol>\n<li>5.&nbsp; + 8. 5. St\u00e1tn\u00ed sv\u00e1tek<\/li>\n<\/ol>\n<p>7. 5.&nbsp; &#8211; Divadlo B\u00edlek<\/p>\n<p>11. 5. &#8211; fotografov\u00e1n\u00ed t\u0159\u00edd<\/p>\n<p>13. 5. &#8211; Ohrobeck\u00fd recit\u00e1l<\/p>\n<p>21. 5. &#8211; Den rodiny (16:00 &#8211; 18:00)<\/p>\n<p>29. 5. &#8211; Bylandia&nbsp;<\/p>\n<p>12. 6. &#8211; Zahradn\u00ed slavnost &#8211; rozlu\u010dka s p\u0159ed\u0161kol\u00e1ky<\/p>\n<p>24. 6. &#8211; 25. 6.&nbsp; &#8211; Atletick\u00e9 z\u00e1vody<\/p>\n<p>&nbsp;<\/p>\n<p>&nbsp;[\/vc_column_text][vc_column_text][\/vc_column_text][\/vc_column][\/vc_row]<\/p>\n","protected":false},"excerpt":{"rendered":"<p>[vc_row][vc_column width=&#8221;1\/4&#8243;][vc_wp_custommenu nav_menu=&#8221;16&#8243;][\/vc_column][vc_column width=&#8221;1\/2&#8243;][vc_basic_grid post_type=&#8221;post&#8221; max_items=&#8221;-1&#8243; style=&#8221;pagination&#8221; items_per_page=&#8221;2&#8243; element_width=&#8221;6&#8243; grid_id=&#8221;vc_gid:1769692461980-989af485-b682-4&#8243; taxonomies=&#8221;20&#8243;][\/vc_column][vc_column width=&#8221;1\/4&#8243;][vc_column_text]Pl\u00e1n akc\u00ed na \u0161koln\u00ed rok 2025\/2026 6. 2.&nbsp; &#8211;&nbsp;<a href=\"https:\/\/www.zsohrobec.cz\/nove\/materska-skola\/\">&hellip;<\/a><\/p>\n","protected":false},"author":1,"featured_media":0,"parent":0,"menu_order":0,"comment_status":"closed","ping_status":"closed","template":"template-fullwidth.php","meta":{"ngg_post_thumbnail":0,"footnotes":""},"class_list":["post-505","page","type-page","status-publish","hentry","odd"],"_links":{"self":[{"href":"https:\/\/www.zsohrobec.cz\/nove\/wp-json\/wp\/v2\/pages\/505","targetHints":{"allow":["GET"]}}],"collection":[{"href":"https:\/\/www.zsohrobec.cz\/nove\/wp-json\/wp\/v2\/pages"}],"about":[{"href":"https:\/\/www.zsohrobec.cz\/nove\/wp-json\/wp\/v2\/types\/page"}],"author":[{"embeddable":true,"href":"https:\/\/www.zsohrobec.cz\/nove\/wp-json\/wp\/v2\/users\/1"}],"replies":[{"embeddable":true,"href":"https:\/\/www.zsohrobec.cz\/nove\/wp-json\/wp\/v2\/comments?post=505"}],"version-history":[{"count":20,"href":"https:\/\/www.zsohrobec.cz\/nove\/wp-json\/wp\/v2\/pages\/505\/revisions"}],"predecessor-version":[{"id":8249,"href":"https:\/\/www.zsohrobec.cz\/nove\/wp-json\/wp\/v2\/pages\/505\/revisions\/8249"}],"wp:attachment":[{"href":"https:\/\/www.zsohrobec.cz\/nove\/wp-json\/wp\/v2\/media?parent=505"}],"curies":[{"name":"wp","href":"https:\/\/api.w.org\/{rel}","templated":true}]}}