{"id":503,"date":"2023-06-16T14:30:55","date_gmt":"2023-06-16T12:30:55","guid":{"rendered":"https:\/\/www.zsohrobec.cz\/nove\/?page_id=503"},"modified":"2025-09-12T14:46:13","modified_gmt":"2025-09-12T12:46:13","slug":"spp-dokumenty","status":"publish","type":"page","link":"https:\/\/www.zsohrobec.cz\/nove\/spp-dokumenty\/","title":{"rendered":"\u0160PP Dokumenty"},"content":{"rendered":"<p>[vc_row][vc_column width=&#8221;1\/4&#8243;][vc_wp_custommenu nav_menu=&#8221;17&#8243;][\/vc_column][vc_column width=&#8221;3\/4&#8243;][vc_column_text]<span style=\"color: #0000ff;\"><strong><a style=\"color: #0000ff;\" href=\"https:\/\/www.zsohrobec.cz\/nove\/wp-content\/uploads\/2023\/12\/Dlouhodoba-preventivni-strategie-skoly-ZS-Ohrobec.pdf\">Dlouhodob\u00e1 preventivn\u00ed strategie \u0161koly Z\u0160 Ohrobec<\/a><\/strong><\/span><\/p>\n<p><strong><span style=\"color: #0000ff;\"><a style=\"color: #0000ff;\" href=\"https:\/\/www.zsohrobec.cz\/nove\/wp-content\/uploads\/2025\/09\/Minimalni-preventivni-program-v-ZS-2025_2026.pdf\">Minim\u00e1ln\u00ed preventivn\u00ed program v Z\u0160 2025_2026<\/a><\/span><\/strong><\/p>\n<p><strong><span style=\"color: #0000ff;\"><a style=\"color: #0000ff;\" href=\"https:\/\/msmt.gov.cz\/vzdelavani\/socialni-programy\/metodicke-dokumenty-doporuceni-a-pokyny\">M\u0160MT prim\u00e1rn\u00ed prevence<\/a><\/span><\/strong><\/p>\n<p><span style=\"color: #0000ff;\"><strong><a style=\"color: #0000ff;\" href=\"https:\/\/www.zsohrobec.cz\/nove\/wp-content\/uploads\/2025\/09\/PROGRAM-PORADENSKYCH-SLUZEB-VE-SKOLE.pdf\">Program poradensk\u00fdch slu\u017eeb ve \u0161kole<\/a><\/strong><\/span><\/p>\n<p><span style=\"color: #0000ff;\"><strong><a style=\"color: #0000ff;\" href=\"https:\/\/www.zsohrobec.cz\/nove\/wp-content\/uploads\/2025\/09\/SPP-Ohrobec-1.pdf\">\u0160PP kontakty 2025_2026<\/a><\/strong><\/span>[\/vc_column_text][\/vc_column][\/vc_row]<\/p>\n","protected":false},"excerpt":{"rendered":"<p>[vc_row][vc_column width=&#8221;1\/4&#8243;][vc_wp_custommenu nav_menu=&#8221;17&#8243;][\/vc_column][vc_column width=&#8221;3\/4&#8243;][vc_column_text]Dlouhodob\u00e1 preventivn\u00ed strategie \u0161koly Z\u0160 Ohrobec Minim\u00e1ln\u00ed preventivn\u00ed program v Z\u0160 2025_2026 M\u0160MT prim\u00e1rn\u00ed prevence Program poradensk\u00fdch&nbsp;<a href=\"https:\/\/www.zsohrobec.cz\/nove\/spp-dokumenty\/\">&hellip;<\/a><\/p>\n","protected":false},"author":1,"featured_media":0,"parent":0,"menu_order":0,"comment_status":"closed","ping_status":"closed","template":"template-fullwidth.php","meta":{"ngg_post_thumbnail":0,"footnotes":""},"class_list":["post-503","page","type-page","status-publish","hentry","odd"],"_links":{"self":[{"href":"https:\/\/www.zsohrobec.cz\/nove\/wp-json\/wp\/v2\/pages\/503","targetHints":{"allow":["GET"]}}],"collection":[{"href":"https:\/\/www.zsohrobec.cz\/nove\/wp-json\/wp\/v2\/pages"}],"about":[{"href":"https:\/\/www.zsohrobec.cz\/nove\/wp-json\/wp\/v2\/types\/page"}],"author":[{"embeddable":true,"href":"https:\/\/www.zsohrobec.cz\/nove\/wp-json\/wp\/v2\/users\/1"}],"replies":[{"embeddable":true,"href":"https:\/\/www.zsohrobec.cz\/nove\/wp-json\/wp\/v2\/comments?post=503"}],"version-history":[{"count":18,"href":"https:\/\/www.zsohrobec.cz\/nove\/wp-json\/wp\/v2\/pages\/503\/revisions"}],"predecessor-version":[{"id":6941,"href":"https:\/\/www.zsohrobec.cz\/nove\/wp-json\/wp\/v2\/pages\/503\/revisions\/6941"}],"wp:attachment":[{"href":"https:\/\/www.zsohrobec.cz\/nove\/wp-json\/wp\/v2\/media?parent=503"}],"curies":[{"name":"wp","href":"https:\/\/api.w.org\/{rel}","templated":true}]}}