{"id":501,"date":"2023-06-16T14:30:04","date_gmt":"2023-06-16T12:30:04","guid":{"rendered":"https:\/\/www.zsohrobec.cz\/nove\/?page_id=501"},"modified":"2024-03-25T10:29:27","modified_gmt":"2024-03-25T09:29:27","slug":"spp-kontakty","status":"publish","type":"page","link":"https:\/\/www.zsohrobec.cz\/nove\/spp-kontakty\/","title":{"rendered":"\u0160PP Kontakty"},"content":{"rendered":"<p>[vc_row][vc_column width=&#8221;1\/4&#8243;][vc_wp_custommenu nav_menu=&#8221;17&#8243;][\/vc_column][vc_column width=&#8221;3\/4&#8243;][vc_column_text]<u>\u0160koln\u00ed poradensk\u00e9 pracovi\u0161t\u011b v Z\u0160:<\/u><\/p>\r\n\r\n<figure class=\"wp-block-table alignwide is-style-stripes\">\r\n<table>\r\n<tbody>\r\n<tr>\r\n<td class=\"has-text-align-left\" data-align=\"left\">\u0159editel \u0161koly<\/td>\r\n<td class=\"has-text-align-left\" data-align=\"left\">Mgr. Petr Pavelka<\/td>\r\n<td>&nbsp;<\/td>\r\n<td class=\"has-text-align-left\" data-align=\"left\">602&nbsp;539&nbsp;738<\/td>\r\n<td class=\"has-text-align-left\" data-align=\"left\">pavelka@zsohrobec.cz<\/td>\r\n<\/tr>\r\n<tr>\r\n<td class=\"has-text-align-left\" data-align=\"left\">v\u00fdchovn\u00fd poradce<\/td>\r\n<td class=\"has-text-align-left\" data-align=\"left\">Mgr. Renata Hlave\u0161ov\u00e1<\/td>\r\n<td>&nbsp;<\/td>\r\n<td class=\"has-text-align-left\" data-align=\"left\">602 554 311<\/td>\r\n<td class=\"has-text-align-left\" data-align=\"left\">hlavesova@zsohrobec.cz<\/td>\r\n<\/tr>\r\n<tr>\r\n<td class=\"has-text-align-left\" data-align=\"left\">speci\u00e1ln\u00ed pedagog<\/td>\r\n<td class=\"has-text-align-left\" data-align=\"left\">Mgr. Jarmila Hrdli\u010dkov\u00e1<\/td>\r\n<td>&nbsp;<\/td>\r\n<td class=\"has-text-align-left\" data-align=\"left\">&nbsp;<\/td>\r\n<td class=\"has-text-align-left\" data-align=\"left\">hrdlickova@zsohrobec.cz<\/td>\r\n<\/tr>\r\n<tr>\r\n<td class=\"has-text-align-left\" data-align=\"left\">\u0161koln\u00ed psycholog, metodik prevence<\/td>\r\n<td class=\"has-text-align-left\" data-align=\"left\">PhDr. Simona \u017di\u017ekov\u00e1 Proch\u00e1zkov\u00e1<\/td>\r\n<td>&nbsp;<\/td>\r\n<td class=\"has-text-align-left\" data-align=\"left\">&nbsp;<\/td>\r\n<td class=\"has-text-align-left\" data-align=\"left\">zizkova@zsohrobec.cz<\/td>\r\n<\/tr>\r\n<\/tbody>\r\n<\/table>\r\n<u><\/u><\/figure>\r\n<figure class=\"wp-block-table alignwide is-style-stripes\"><u>D\u016fle\u017eit\u00e9 kontakty v&nbsp;r\u00e1mci prevence<\/u><\/figure>\r\n<figure class=\"wp-block-table alignwide is-style-stripes\"><strong>Pedagogicko-psychologick\u00e1 poradna St\u0159edo\u010desk\u00e9ho kraje \u2013 J\u00edlov\u00e9 u Prahy<\/strong><\/figure>\r\n<figure class=\"wp-block-table alignwide is-style-stripes\">PPPSK \u2013 J\u00edlov\u00e9 u Prahy, \u0160enflukova 220, 254 01 J\u00edlov\u00e9 u Prahy jilove@pppsk.cz tel.: 720 954&nbsp;275<\/figure>\r\n<figure class=\"wp-block-table alignwide is-style-stripes\"><strong>St\u0159edisko v\u00fdchovn\u00e9 p\u00e9\u010de Dob\u0159ichovice<\/strong> Pra\u017esk\u00e1 151, 252 29 Dob\u0159ichovice, telefon 257 711 387, <a href=\"http:\/\/www.svpd.cz\/\">http:\/\/www.svpd.cz\/<\/a>, <strong>&nbsp;<\/strong><a href=\"mailto:svpd@svpd.cz\">svpd@svpd.cz<\/a> <a href=\"mailto:ambulance@svpd.cz\">ambulance@svpd.cz<\/a><\/figure>\r\n<figure class=\"wp-block-table alignwide is-style-stripes\"><strong>OSPOD ( org\u00e1n soci\u00e1ln\u011b-pr\u00e1vn\u00ed ochrany d\u011bt\u00ed)<\/strong> https:\/\/www.mestocernosice.cz\/urad\/informace-a-agendy-odboru\/odbor-socialnich-veci-zdravotnictvi-a-skolstvi\/oddeleni-socialne-pravni-ochrany-deti\/ V\u00e1clavsk\u00e1 316\/12,120 00, Praha 2, telefon <a href=\"fax:222%20512%20026\">222 512&nbsp;026<\/a>, Mgr. Andrea Cinklov\u00e1 tel. kontakt: 221 982 251, <a href=\"tel:727846083\">727 846 083<\/a> email: <a href=\"mailto:andrea.cinklova@mestocernosice.cz\">andrea.cinklova@mestocernosice.cz<\/a><\/figure>\r\n<figure class=\"wp-block-table alignwide is-style-stripes\"><strong>M\u011bstsk\u00e1 policie OOP Vestec<\/strong> http:\/\/www.opvestec.cz\/ tel.: 739&nbsp;156 156<\/figure>\r\n<figure class=\"wp-block-table alignwide is-style-stripes\"><strong>Linka bezpe\u010d\u00ed: 116&nbsp;111<\/strong> <a href=\"http:\/\/www.linkabezpeci.cz\">www.linkabezpeci.cz<\/a><\/figure>\r\n<figure class=\"wp-block-table alignwide is-style-stripes\"><strong>Rodi\u010dovsk\u00e1 linka: 606 021&nbsp;021<\/strong><\/figure>\r\n<figure class=\"wp-block-table alignwide is-style-stripes\"><strong>Modr\u00e1 linka: 608&nbsp;902&nbsp;&nbsp;&nbsp; 410<\/strong><\/figure>\r\n<figure class=\"wp-block-table alignwide is-style-stripes\"><strong>D\u011btsk\u00e9 krizov\u00e9 centrum<\/strong> Krizov\u00e9 centrum: 777&nbsp;715&nbsp;215<\/figure>\r\n<figure class=\"wp-block-table alignwide is-style-stripes\"><strong>Krizov\u00e9 centrum kyberprostoru:<\/strong> 778&nbsp;510 510<\/figure>\r\n<figure class=\"wp-block-table alignwide is-style-stripes\"><strong>B\u00edl\u00fd kruh bezpe\u010d\u00ed<\/strong> (linka pomoci ob\u011btem): &nbsp;<strong>116 006<\/strong><\/figure>\r\n<figure class=\"wp-block-table alignwide is-style-stripes\"><strong>M\u0160MT:<\/strong><a href=\"mailto:prevence@msmt.cz\">prevence@msmt.cz<\/a><\/figure>\r\n<figure class=\"wp-block-table alignwide is-style-stripes\"><strong>bezpe\u010dn\u00fd internet pro d\u011bti i rodi\u010de<\/strong> www.saferinternet.cz<\/figure>\r\n<figure class=\"wp-block-table alignwide is-style-stripes\">hork\u00e1 linka pro hl\u00e1\u0161en\u00ed, kter\u00e1 se t\u00fdkaj\u00ed nez\u00e1konn\u00e9ho a nevhodn\u00e9ho obsahu na internetu www.e-bezpeci.cz bezpe\u010dn\u00fd internet www.seznamsebezpecne.cz<\/figure>\r\n<figure class=\"wp-block-table alignwide is-style-stripes\"><strong>webov\u00e9 str\u00e1nky zam\u011b\u0159en\u00e9 na \u0161ikanu:<\/strong> www.sikana.org www.minimalizacesikany.cz&nbsp;<\/figure>","protected":false},"excerpt":{"rendered":"<p>[vc_row][vc_column width=&#8221;1\/4&#8243;][vc_wp_custommenu nav_menu=&#8221;17&#8243;][\/vc_column][vc_column width=&#8221;3\/4&#8243;][vc_column_text]\u0160koln\u00ed poradensk\u00e9 pracovi\u0161t\u011b v Z\u0160: \u0159editel \u0161koly Mgr. Petr Pavelka &nbsp; 602&nbsp;539&nbsp;738 pavelka@zsohrobec.cz v\u00fdchovn\u00fd poradce Mgr. Renata&nbsp;<a href=\"https:\/\/www.zsohrobec.cz\/nove\/spp-kontakty\/\">&hellip;<\/a><\/p>\n","protected":false},"author":1,"featured_media":0,"parent":0,"menu_order":0,"comment_status":"closed","ping_status":"closed","template":"template-fullwidth.php","meta":{"ngg_post_thumbnail":0,"footnotes":""},"class_list":["post-501","page","type-page","status-publish","hentry","odd"],"_links":{"self":[{"href":"https:\/\/www.zsohrobec.cz\/nove\/wp-json\/wp\/v2\/pages\/501","targetHints":{"allow":["GET"]}}],"collection":[{"href":"https:\/\/www.zsohrobec.cz\/nove\/wp-json\/wp\/v2\/pages"}],"about":[{"href":"https:\/\/www.zsohrobec.cz\/nove\/wp-json\/wp\/v2\/types\/page"}],"author":[{"embeddable":true,"href":"https:\/\/www.zsohrobec.cz\/nove\/wp-json\/wp\/v2\/users\/1"}],"replies":[{"embeddable":true,"href":"https:\/\/www.zsohrobec.cz\/nove\/wp-json\/wp\/v2\/comments?post=501"}],"version-history":[{"count":16,"href":"https:\/\/www.zsohrobec.cz\/nove\/wp-json\/wp\/v2\/pages\/501\/revisions"}],"predecessor-version":[{"id":2805,"href":"https:\/\/www.zsohrobec.cz\/nove\/wp-json\/wp\/v2\/pages\/501\/revisions\/2805"}],"wp:attachment":[{"href":"https:\/\/www.zsohrobec.cz\/nove\/wp-json\/wp\/v2\/media?parent=501"}],"curies":[{"name":"wp","href":"https:\/\/api.w.org\/{rel}","templated":true}]}}