{"id":499,"date":"2023-06-16T14:29:05","date_gmt":"2023-06-16T12:29:05","guid":{"rendered":"https:\/\/www.zsohrobec.cz\/nove\/?page_id=499"},"modified":"2026-01-13T17:17:36","modified_gmt":"2026-01-13T16:17:36","slug":"skolni-poradenske-pracoviste","status":"publish","type":"page","link":"https:\/\/www.zsohrobec.cz\/nove\/skolni-poradenske-pracoviste\/","title":{"rendered":"\u0160koln\u00ed poradensk\u00e9 pracovi\u0161t\u011b"},"content":{"rendered":"<p>[vc_row][vc_column width=&#8221;1\/4&#8243;][vc_wp_custommenu nav_menu=&#8221;17&#8243;][\/vc_column][vc_column width=&#8221;1\/2&#8243;][vc_column_text]<b>\u0160koln\u00ed poradensk\u00e9 pracovi\u0161t\u011b <\/b><\/p>\n<p>je sou\u010d\u00e1st\u00ed z\u00e1kladn\u00ed \u0161koly v \u010cesk\u00e9 republice. \u0160kola je povinna pracovi\u0161t\u011b z\u0159\u00eddit a provozovat na z\u00e1klad\u011b z\u00e1kona \u010d. 561\/2004 Sb., o p\u0159ed\u0161koln\u00edm, z\u00e1kladn\u00edm, st\u0159edn\u00edm, vy\u0161\u0161\u00edm odborn\u00e9m a jin\u00e9m vzd\u011bl\u00e1v\u00e1n\u00ed (\u0161kolsk\u00fd z\u00e1kon), ve zn\u011bn\u00ed pozd\u011bj\u0161\u00edch zm\u011bn.&nbsp;<\/p>\n<p>\u0160koln\u00ed poradensk\u00e9 pracovi\u0161t\u011b je vedle<span style=\"color: #000000;\">&nbsp;<a style=\"color: #000000;\" title=\"Pedagogicko-psychologick\u00e1 poradna\" href=\"https:\/\/cs.wikipedia.org\/wiki\/Pedagogicko-psychologick%C3%A1_poradna\">pedagogicko-psychologick\u00e9 poradny<\/a>,&nbsp;<a style=\"color: #000000;\" title=\"Vzd\u011bl\u00e1v\u00e1n\u00ed osob se speci\u00e1ln\u00edmi vzd\u011bl\u00e1vac\u00edmi pot\u0159ebami v \u010cesku\" href=\"https:\/\/cs.wikipedia.org\/wiki\/Vzd%C4%9Bl%C3%A1v%C3%A1n%C3%AD_osob_se_speci%C3%A1ln%C3%ADmi_vzd%C4%9Bl%C3%A1vac%C3%ADmi_pot%C5%99ebami_v_%C4%8Cesku#Speci%C3%A1ln%C4%9Bpedagogick%C3%A1_centra\">speci\u00e1ln\u011b pedagogick\u00e9ho centra<\/a> a st\u0159edisek v\u00fdchovn\u00e9 p<\/span>\u00e9\u010de jedn\u00edm z pil\u00ed\u0159\u016f \u0161kolsk\u00e9ho poradenstv\u00ed. Z\u00e1kladn\u00edm \u00fa\u010delem tohoto pracovi\u0161t\u011b je poskytovat pedagogicko-psychologick\u00e9 poradensk\u00e9 slu\u017eby ve \u0161kole \u017e\u00e1k\u016fm a jejich z\u00e1konn\u00fdm z\u00e1stupc\u016fm.&nbsp;<\/p>\n<p><strong>\u0161koln\u00ed poradensk\u00e9 pracovi\u0161t\u011b v na\u0161\u00ed \u0161kole :<\/strong><\/p>\n<ul>\n<li>\u0161koln\u00ed psycholo\u017eka, kter\u00e1 je sou\u010dasn\u011b i metodikem prim\u00e1rn\u00ed prevence (o prim\u00e1rn\u00ed prevenci n\u00ed\u017ee nebo v dokumentech) a soci\u00e1ln\u00ed pedagog<\/li>\n<li>speci\u00e1ln\u00ed pedago\u017eka<\/li>\n<li>v\u00fdchovn\u00e1 poradkyn\u011b<\/li>\n<li>kari\u00e9rov\u00e1 poradkyn\u011b<\/li>\n<\/ul>\n<p><strong><u>Podpora prim\u00e1rn\u00ed prevence<\/u><\/strong><\/p>\n<p>Podpora prim\u00e1rn\u00ed prevence vych\u00e1z\u00ed tak\u00e9 z podpory a formov\u00e1n\u00ed vztah\u016f mezi dosp\u011bl\u00fdmi ve \u0161kole. V r\u00e1mci pedagogick\u00e9ho sboru a nepedagogick\u00fdmi pracovn\u00edky. V takto mal\u00e9 \u0161kole je ka\u017ed\u00e9 nepochopen\u00ed, nespokojenost ka\u017ed\u00e9ho hned poznat. V\u0161echna nedorozum\u011bn\u00ed a nejasnosti jsou hned \u0159e\u0161eny, pedagogov\u00e9 maj\u00ed ka\u017edodenn\u00ed mo\u017enost v\u0161e probrat s veden\u00edm \u0161koly i mezi sebou navz\u00e1jem. Je velmi d\u016fle\u017eit\u00e9, aby klima ve \u0161kole m\u011blo pozitivn\u00ed n\u00e1boj nejen mezi \u017e\u00e1ky, ale tak\u00e9 mezi jejich u\u010diteli. Podpora ze strany veden\u00ed \u0161koly je maxim\u00e1ln\u00ed otev\u0159enost p\u0159i \u0159e\u0161en\u00ed nastal\u00fdch obt\u00ed\u017e\u00ed, nab\u00eddka a vyhled\u00e1v\u00e1n\u00ed vzd\u011bl\u00e1vac\u00edch akc\u00ed dle po\u017eadavk\u016f zam\u011bstnanc\u016f a podpora jejich vzd\u011bl\u00e1vac\u00edch pot\u0159eb.<\/p>\n<p>&nbsp;[\/vc_column_text][\/vc_column][vc_column width=&#8221;1\/4&#8243;][vc_column_text]&nbsp;<\/p>\n<p><span style=\"color: #ff0000;\">Konzultace pro rodi\u010de pouze po p\u0159edchoz\u00ed domluv\u011b.<\/span><\/p>\n<p>&nbsp;<\/p>\n<p>&nbsp;<\/p>\n<p>&nbsp;<\/p>\n<p>&nbsp;<\/p>\n<p>&nbsp;<\/p>\n<p>&nbsp;<\/p>\n<p>&nbsp;<\/p>\n<p>&nbsp;[\/vc_column_text][\/vc_column][\/vc_row]<\/p>\n","protected":false},"excerpt":{"rendered":"<p>[vc_row][vc_column width=&#8221;1\/4&#8243;][vc_wp_custommenu nav_menu=&#8221;17&#8243;][\/vc_column][vc_column width=&#8221;1\/2&#8243;][vc_column_text]\u0160koln\u00ed poradensk\u00e9 pracovi\u0161t\u011b je sou\u010d\u00e1st\u00ed z\u00e1kladn\u00ed \u0161koly v \u010cesk\u00e9 republice. \u0160kola je povinna pracovi\u0161t\u011b z\u0159\u00eddit a provozovat&nbsp;<a href=\"https:\/\/www.zsohrobec.cz\/nove\/skolni-poradenske-pracoviste\/\">&hellip;<\/a><\/p>\n","protected":false},"author":1,"featured_media":0,"parent":0,"menu_order":0,"comment_status":"closed","ping_status":"closed","template":"template-fullwidth.php","meta":{"ngg_post_thumbnail":0,"footnotes":""},"class_list":["post-499","page","type-page","status-publish","hentry","odd"],"_links":{"self":[{"href":"https:\/\/www.zsohrobec.cz\/nove\/wp-json\/wp\/v2\/pages\/499","targetHints":{"allow":["GET"]}}],"collection":[{"href":"https:\/\/www.zsohrobec.cz\/nove\/wp-json\/wp\/v2\/pages"}],"about":[{"href":"https:\/\/www.zsohrobec.cz\/nove\/wp-json\/wp\/v2\/types\/page"}],"author":[{"embeddable":true,"href":"https:\/\/www.zsohrobec.cz\/nove\/wp-json\/wp\/v2\/users\/1"}],"replies":[{"embeddable":true,"href":"https:\/\/www.zsohrobec.cz\/nove\/wp-json\/wp\/v2\/comments?post=499"}],"version-history":[{"count":23,"href":"https:\/\/www.zsohrobec.cz\/nove\/wp-json\/wp\/v2\/pages\/499\/revisions"}],"predecessor-version":[{"id":8077,"href":"https:\/\/www.zsohrobec.cz\/nove\/wp-json\/wp\/v2\/pages\/499\/revisions\/8077"}],"wp:attachment":[{"href":"https:\/\/www.zsohrobec.cz\/nove\/wp-json\/wp\/v2\/media?parent=499"}],"curies":[{"name":"wp","href":"https:\/\/api.w.org\/{rel}","templated":true}]}}