{"id":494,"date":"2023-06-16T14:25:16","date_gmt":"2023-06-16T12:25:16","guid":{"rendered":"https:\/\/www.zsohrobec.cz\/nove\/?page_id=494"},"modified":"2026-01-15T14:50:27","modified_gmt":"2026-01-15T13:50:27","slug":"kontakty-sd","status":"publish","type":"page","link":"https:\/\/www.zsohrobec.cz\/nove\/kontakty-sd\/","title":{"rendered":"Kontakty \u0160D"},"content":{"rendered":"<p>[vc_row][vc_column width=&#8221;1\/4&#8243;][vc_wp_custommenu nav_menu=&#8221;18&#8243;][\/vc_column][vc_column width=&#8221;3\/4&#8243;][vc_column_text]<\/p>\n<ol>\n<li>odd\u011blen\u00ed (1. t\u0159\u00edda + 3. t\u0159\u00edda) Krist\u00fdna Hole\u010dkov\u00e1 608 691 318<\/li>\n<\/ol>\n<p>&nbsp; &nbsp; 2. odd\u011blen\u00ed (2. t\u0159\u00edda +3. t\u0159\u00edda)&nbsp; Alena Slov\u00e1kov\u00e1, Hana Hlav\u00e1\u010dkov\u00e1 &#8211; 608 691 614<\/p>\n<p>&nbsp;[\/vc_column_text][\/vc_column][\/vc_row]<\/p>\n","protected":false},"excerpt":{"rendered":"<p>[vc_row][vc_column width=&#8221;1\/4&#8243;][vc_wp_custommenu nav_menu=&#8221;18&#8243;][\/vc_column][vc_column width=&#8221;3\/4&#8243;][vc_column_text] odd\u011blen\u00ed (1. t\u0159\u00edda + 3. t\u0159\u00edda) Krist\u00fdna Hole\u010dkov\u00e1 608 691 318 &nbsp; &nbsp; 2. odd\u011blen\u00ed (2.&nbsp;<a href=\"https:\/\/www.zsohrobec.cz\/nove\/kontakty-sd\/\">&hellip;<\/a><\/p>\n","protected":false},"author":1,"featured_media":0,"parent":0,"menu_order":0,"comment_status":"closed","ping_status":"closed","template":"template-fullwidth.php","meta":{"ngg_post_thumbnail":0,"footnotes":""},"class_list":["post-494","page","type-page","status-publish","hentry","odd"],"_links":{"self":[{"href":"https:\/\/www.zsohrobec.cz\/nove\/wp-json\/wp\/v2\/pages\/494","targetHints":{"allow":["GET"]}}],"collection":[{"href":"https:\/\/www.zsohrobec.cz\/nove\/wp-json\/wp\/v2\/pages"}],"about":[{"href":"https:\/\/www.zsohrobec.cz\/nove\/wp-json\/wp\/v2\/types\/page"}],"author":[{"embeddable":true,"href":"https:\/\/www.zsohrobec.cz\/nove\/wp-json\/wp\/v2\/users\/1"}],"replies":[{"embeddable":true,"href":"https:\/\/www.zsohrobec.cz\/nove\/wp-json\/wp\/v2\/comments?post=494"}],"version-history":[{"count":8,"href":"https:\/\/www.zsohrobec.cz\/nove\/wp-json\/wp\/v2\/pages\/494\/revisions"}],"predecessor-version":[{"id":8091,"href":"https:\/\/www.zsohrobec.cz\/nove\/wp-json\/wp\/v2\/pages\/494\/revisions\/8091"}],"wp:attachment":[{"href":"https:\/\/www.zsohrobec.cz\/nove\/wp-json\/wp\/v2\/media?parent=494"}],"curies":[{"name":"wp","href":"https:\/\/api.w.org\/{rel}","templated":true}]}}