{"id":484,"date":"2023-06-16T13:54:29","date_gmt":"2023-06-16T11:54:29","guid":{"rendered":"https:\/\/www.zsohrobec.cz\/nove\/?page_id=484"},"modified":"2025-10-16T13:03:51","modified_gmt":"2025-10-16T11:03:51","slug":"dokumenty-ms","status":"publish","type":"page","link":"https:\/\/www.zsohrobec.cz\/nove\/dokumenty-ms\/","title":{"rendered":"Dokumenty M\u0160"},"content":{"rendered":"<p>[vc_row][vc_column width=&#8221;1\/4&#8243;][vc_wp_custommenu nav_menu=&#8221;16&#8243;][\/vc_column][vc_column width=&#8221;3\/4&#8243;][vc_column_text]<span style=\"color: #3366ff;\"><a style=\"color: #3366ff;\" href=\"https:\/\/www.zsohrobec.cz\/nove\/wp-content\/uploads\/2024\/11\/Obecne-informace-MS.pdf\">Obecn\u00e9 informace M\u0160<\/a><\/span><\/p>\n<p><span style=\"color: #3366ff;\"><a style=\"color: #3366ff;\" href=\"https:\/\/www.zsohrobec.cz\/nove\/wp-content\/uploads\/2025\/10\/20250916110914.pdf\">\u0160VP M\u0160 2025<\/a><\/span><\/p>\n<p><span style=\"color: #3366ff;\"><a style=\"color: #3366ff;\" href=\"https:\/\/www.zsohrobec.cz\/nove\/wp-content\/uploads\/2025\/05\/Uplata-MS-skolni-rok-2025-2026.pdf\">\u00daplata M\u0160 &#8211; \u0161koln\u00ed rok 2025-2026<\/a><\/span><\/p>\n<p><span style=\"color: #0000ff;\"><a style=\"color: #0000ff;\" href=\"https:\/\/www.zsohrobec.cz\/nove\/wp-content\/uploads\/2025\/03\/Zadost-o-prestup-ditete-do-materske-skoly.pdf\"><span style=\"color: #3366ff;\">\u017d\u00e1dost o p\u0159estup d\u00edt\u011bte do mate\u0159sk\u00e9 \u0161koly<\/span><\/a><\/span><\/p>\n<p><span style=\"color: #3366ff;\"><a style=\"color: #3366ff;\" href=\"https:\/\/www.zsohrobec.cz\/nove\/wp-content\/uploads\/2025\/05\/ZADOST-O-PRIJETI-K-PREDSKOLNIMU-VZDELAVANI.pdf\">\u017d\u00e1dost o p\u0159ijet\u00ed k p\u0159ed\u0161koln\u00edmu vzd\u011bl\u00e1v\u00e1n\u00ed<\/a><\/span><\/p>\n<p><span style=\"color: #3366ff;\"><a style=\"color: #3366ff;\" href=\"https:\/\/www.zsohrobec.cz\/nove\/wp-content\/uploads\/2025\/10\/3_Skolni-rad-MS.pdf\">\u0160koln\u00ed \u0159\u00e1d M\u0160<\/a><\/span>[\/vc_column_text][\/vc_column][\/vc_row]<\/p>\n","protected":false},"excerpt":{"rendered":"<p>[vc_row][vc_column width=&#8221;1\/4&#8243;][vc_wp_custommenu nav_menu=&#8221;16&#8243;][\/vc_column][vc_column width=&#8221;3\/4&#8243;][vc_column_text]Obecn\u00e9 informace M\u0160 \u0160VP M\u0160 2025 \u00daplata M\u0160 &#8211; \u0161koln\u00ed rok 2025-2026 \u017d\u00e1dost o p\u0159estup d\u00edt\u011bte do&nbsp;<a href=\"https:\/\/www.zsohrobec.cz\/nove\/dokumenty-ms\/\">&hellip;<\/a><\/p>\n","protected":false},"author":1,"featured_media":0,"parent":0,"menu_order":0,"comment_status":"closed","ping_status":"closed","template":"template-fullwidth.php","meta":{"ngg_post_thumbnail":0,"footnotes":""},"class_list":["post-484","page","type-page","status-publish","hentry","odd"],"_links":{"self":[{"href":"https:\/\/www.zsohrobec.cz\/nove\/wp-json\/wp\/v2\/pages\/484","targetHints":{"allow":["GET"]}}],"collection":[{"href":"https:\/\/www.zsohrobec.cz\/nove\/wp-json\/wp\/v2\/pages"}],"about":[{"href":"https:\/\/www.zsohrobec.cz\/nove\/wp-json\/wp\/v2\/types\/page"}],"author":[{"embeddable":true,"href":"https:\/\/www.zsohrobec.cz\/nove\/wp-json\/wp\/v2\/users\/1"}],"replies":[{"embeddable":true,"href":"https:\/\/www.zsohrobec.cz\/nove\/wp-json\/wp\/v2\/comments?post=484"}],"version-history":[{"count":26,"href":"https:\/\/www.zsohrobec.cz\/nove\/wp-json\/wp\/v2\/pages\/484\/revisions"}],"predecessor-version":[{"id":7152,"href":"https:\/\/www.zsohrobec.cz\/nove\/wp-json\/wp\/v2\/pages\/484\/revisions\/7152"}],"wp:attachment":[{"href":"https:\/\/www.zsohrobec.cz\/nove\/wp-json\/wp\/v2\/media?parent=484"}],"curies":[{"name":"wp","href":"https:\/\/api.w.org\/{rel}","templated":true}]}}