{"id":419,"date":"2023-05-31T11:37:15","date_gmt":"2023-05-31T09:37:15","guid":{"rendered":"https:\/\/www.zsohrobec.cz\/nove\/?page_id=419"},"modified":"2026-02-09T21:50:24","modified_gmt":"2026-02-09T20:50:24","slug":"spolek-rodicu","status":"publish","type":"page","link":"https:\/\/www.zsohrobec.cz\/nove\/spolek-rodicu\/","title":{"rendered":"Spolek rodi\u010d\u016f"},"content":{"rendered":"<p>[vc_row][vc_column][vc_column_text]Hlavn\u00edm c\u00edlem <strong>Spolku<\/strong> je rozvoj vzd\u011bl\u00e1vac\u00ed a z\u00e1jmov\u00e9 \u010dinnosti \u017e\u00e1k\u016f a spolupr\u00e1ce s veden\u00edm a zam\u011bstnanci Z\u0160 Ohrobec. Spolek d\u00e1le pom\u00e1h\u00e1 a p\u0159isp\u00edv\u00e1 svou dobrovolnou \u010dinnost\u00ed&nbsp; &nbsp; i materi\u00e1ln\u00edmi a finan\u010dn\u00edmi prost\u0159edky pot\u0159eb\u00e1m \u017e\u00e1k\u016f z\u00e1kladn\u00ed \u0161koly. \u010clensk\u00fd p\u0159\u00edsp\u011bvek \u010din\u00ed 350 K\u010d na ka\u017ed\u00e9ho \u017e\u00e1ka v Z\u0160. P\u0159\u00edsp\u011bvek se hrad\u00ed jednou ro\u010dn\u011b do konce z\u00e1\u0159\u00ed ka\u017ed\u00e9ho roku.<\/p>\n<p>N\u00ed\u017ee QR k\u00f3d pro rychlou platbu.&nbsp;<\/p>\n<p><span style=\"color: #3366ff;\"><a href=\"https:\/\/www.zsohrobec.cz\/nove\/wp-content\/uploads\/2023\/10\/QR-kod.png\"><img loading=\"lazy\" decoding=\"async\" class=\"alignnone size-thumbnail wp-image-1276\" src=\"https:\/\/www.zsohrobec.cz\/nove\/wp-content\/uploads\/2023\/10\/QR-kod-150x150.png\" alt=\"\" width=\"150\" height=\"150\"><\/a><\/span><\/p>\n<p>P\u0159ihl\u00e1\u0161ka do Spolku rodi\u010d\u016f<\/p>\n<ul>\n<li><span style=\"color: #3366ff;\"><span style=\"color: #000000;\">p\u0159ihl\u00e1\u0161ka &#8211;<\/span> <a style=\"color: #3366ff;\" href=\"https:\/\/www.zsohrobec.cz\/nove\/wp-content\/uploads\/2023\/07\/Prihlaska-Spolek.pdf\"><span style=\"color: #3366ff;\">P\u0159ihl\u00e1\u0161ka Spolek rodi\u010d\u016f<\/span><\/a>&nbsp;<\/span><\/li>\n<li>QR k\u00f3d p\u0159ihl\u00e1\u0161ka<\/li>\n<\/ul>\n<p><a href=\"https:\/\/www.zsohrobec.cz\/nove\/wp-content\/uploads\/2024\/02\/QR-prihlaska-do-Spolku-s-logem.png\"><img loading=\"lazy\" decoding=\"async\" class=\"alignnone size-thumbnail wp-image-2385\" src=\"https:\/\/www.zsohrobec.cz\/nove\/wp-content\/uploads\/2024\/02\/QR-prihlaska-do-Spolku-s-logem-150x150.png\" alt=\"\" width=\"150\" height=\"150\" srcset=\"https:\/\/www.zsohrobec.cz\/nove\/wp-content\/uploads\/2024\/02\/QR-prihlaska-do-Spolku-s-logem-150x150.png 150w, https:\/\/www.zsohrobec.cz\/nove\/wp-content\/uploads\/2024\/02\/QR-prihlaska-do-Spolku-s-logem-300x300.png 300w, https:\/\/www.zsohrobec.cz\/nove\/wp-content\/uploads\/2024\/02\/QR-prihlaska-do-Spolku-s-logem-1024x1024.png 1024w, https:\/\/www.zsohrobec.cz\/nove\/wp-content\/uploads\/2024\/02\/QR-prihlaska-do-Spolku-s-logem.png 2014w\" sizes=\"auto, (max-width: 150px) 100vw, 150px\" \/><\/a><\/p>\n<p><span style=\"color: #3366ff;\"><a style=\"color: #3366ff;\" href=\"https:\/\/www.zsohrobec.cz\/nove\/wp-content\/uploads\/2023\/07\/Stanovy-Spolku.pdf\">Stanovy Spolku&nbsp;<\/a><\/span><\/p>\n<p>Kontakt na Spolek: <span style=\"color: #3366ff;\"><a style=\"color: #3366ff;\" href=\"mailto:skolskarada@zsohrobec.cz\"><span class=\"has-inline-color has-vivid-cyan-blue-color\">spolekzsohrobec@gmail.com<\/span><\/a><\/span><\/p>\n<p>p\u0159edsedkyn\u011b Spolku: Krist\u00fdna Hole\u010dkov\u00e1<\/p>\n<h4><span style=\"color: #000080;\"><strong><a style=\"color: #000080;\" href=\"https:\/\/www.zsohrobec.cz\/nove\/wp-content\/uploads\/2025\/11\/Vyrocni-zprava-2025.pdf\">V\u00fdro\u010dn\u00ed zpr\u00e1va 2024<\/a><\/strong><\/span><\/h4>\n<p><span style=\"color: #0000ff;\"><a style=\"color: #0000ff;\" href=\"https:\/\/www.zsohrobec.cz\/nove\/wp-content\/uploads\/2023\/10\/zapis-ze-schuze-20.9.2023.docx.pdf\">Z\u00e1pis ze sch\u016fze 20_9_2023<\/a><\/span><\/p>\n<p><span style=\"color: #0000ff;\"><a style=\"color: #0000ff;\" href=\"https:\/\/www.zsohrobec.cz\/nove\/wp-content\/uploads\/2025\/11\/Zapis-Spolek-6.10.2025.pdf\">Z\u00e1pis Spolek 6.10.2025<\/a><\/span><\/p>\n<h4><strong>Zrealizovan\u00e9 aktivity Spolku:<\/strong><\/h4>\n<p><strong>\u0160koln\u00ed rok 2025\/2026 &#8211; zrealizovan\u00e9 a pl\u00e1novan\u00e9 akce<\/strong><\/p>\n<p>11.11. &#8211; Dny pro z\u00e1chranu \u017eivota (1. &#8211; 4. t\u0159\u00edda)<\/p>\n<p>19.11. &#8211; Dny pro z\u00e1chranu \u017eivota (5. &#8211; 9. t\u0159\u00edda)<\/p>\n<p>27. 11. V\u00e1no\u010dn\u00ed tvo\u0159en\u00ed pro rodi\u010de s d\u011btmi<\/p>\n<p>4.12. V\u00e1no\u010dn\u00ed tvo\u0159en\u00ed pro rodi\u010de&nbsp;<\/p>\n<p>11. 12. V\u00e1no\u010dn\u00ed Jarmark<\/p>\n<p><strong>\u0160koln\u00ed rok 2024\/2025 &#8211; zrealizovan\u00e9 akce<\/strong><\/p>\n<p><a href=\"https:\/\/www.zsohrobec.cz\/nove\/wp-content\/uploads\/2024\/02\/Spolek-plany-2024.jpg\"><img loading=\"lazy\" decoding=\"async\" class=\"alignnone size-thumbnail wp-image-2607\" src=\"https:\/\/www.zsohrobec.cz\/nove\/wp-content\/uploads\/2024\/02\/Spolek-plany-2024-150x150.jpg\" alt=\"\" width=\"150\" height=\"150\"> &nbsp; <\/a><a href=\"https:\/\/www.zsohrobec.cz\/nove\/wp-content\/uploads\/2026\/02\/3.-zahradni-slavnost-scaled.jpeg\"><img loading=\"lazy\" decoding=\"async\" class=\"alignnone wp-image-8400 size-thumbnail\" src=\"https:\/\/www.zsohrobec.cz\/nove\/wp-content\/uploads\/2026\/02\/3.-zahradni-slavnost-scaled-150x150.jpeg\" alt=\"\" width=\"150\" height=\"150\">&nbsp;&nbsp; <\/a><a href=\"https:\/\/www.zsohrobec.cz\/nove\/wp-content\/uploads\/2026\/02\/Vanocni-tvoreni-2025.png\"><img loading=\"lazy\" decoding=\"async\" class=\"alignnone wp-image-8403 size-thumbnail\" src=\"https:\/\/www.zsohrobec.cz\/nove\/wp-content\/uploads\/2026\/02\/Vanocni-tvoreni-2025-150x150.png\" alt=\"\" width=\"150\" height=\"150\">&nbsp;&nbsp; <\/a><a href=\"https:\/\/www.zsohrobec.cz\/nove\/wp-content\/uploads\/2026\/02\/Pozvanka-Jarmark.png\"><img loading=\"lazy\" decoding=\"async\" class=\"alignnone wp-image-8402 size-thumbnail\" src=\"https:\/\/www.zsohrobec.cz\/nove\/wp-content\/uploads\/2026\/02\/Pozvanka-Jarmark-150x150.png\" alt=\"\" width=\"150\" height=\"150\"><\/a><\/p>\n<p>rodil\u00e1 mluv\u010d\u00ed AJ na cel\u00fd \u0161koln\u00ed rok &#8211; zaji\u0161t\u011bn\u00ed (financov\u00e1no rodi\u010di)<\/p>\n<p>8. 10. 2024 Beseda se spisovatelkou Luci\u00ed Seifertovou<\/p>\n<p>31.10. 2024 Sv\u00e1tek ohn\u011b Samhain (dlab\u00e1n\u00ed d\u00fdn\u00ed)<\/p>\n<p>28. 11. 2024 V\u00e1no\u010dn\u00ed d\u00edlni\u010dky (rodi\u010de s \u017e\u00e1ky)<\/p>\n<p>3. 12. 2024 V\u00e1no\u010dn\u00ed d\u00edlni\u010dky (rodi\u010de s \u017e\u00e1ky)<\/p>\n<p>12. 12. 2024 V\u00e1no\u010dn\u00ed jarmark<\/p>\n<p>Kalend\u00e1\u0159 pro rok 2025 &#8211; z v\u00fdtvarn\u00fdch prac\u00ed \u017e\u00e1k\u016f<\/p>\n<p>28. 4. 2025 Finan\u010dn\u00ed gramotnost pro 5. &#8211; 8. t\u0159\u00eddu<\/p>\n<p>Akce &#8211; Dejte knih\u00e1m druhou \u0161anci<\/p>\n<p>28. 5. 2025 Finan\u010dn\u00ed gramotnost pro 2. &#8211; 4. t\u0159\u00eddu<\/p>\n<p>20. 6. 2025 3. Zahradn\u00ed slavnost<\/p>\n<p>&nbsp;&#8211; Spolek poskytl \u0161kole dar ve v\u00fd\u0161i 10 000 K\u010d na knihy do \u0161koln\u00ed knihovny.<\/p>\n<p>&#8211; Spolek poskytl \u0161kole dar na n\u00e1kup dvou iPad\u016f.<\/p>\n<p><strong>\u0160koln\u00ed rok 2023\/2024 &#8211; zrealizovan\u00e9 akce&nbsp;<\/strong><\/p>\n<h1>&nbsp;<a href=\"https:\/\/www.zsohrobec.cz\/nove\/wp-content\/uploads\/2023\/10\/Samhain-svatek-svetla.jpg\"><img loading=\"lazy\" decoding=\"async\" class=\"alignnone size-thumbnail wp-image-1388\" src=\"https:\/\/www.zsohrobec.cz\/nove\/wp-content\/uploads\/2023\/10\/Samhain-svatek-svetla-150x150.jpg\" alt=\"\" width=\"150\" height=\"150\" srcset=\"https:\/\/www.zsohrobec.cz\/nove\/wp-content\/uploads\/2023\/10\/Samhain-svatek-svetla-150x150.jpg 150w, https:\/\/www.zsohrobec.cz\/nove\/wp-content\/uploads\/2023\/10\/Samhain-svatek-svetla-768x768.jpg 768w, https:\/\/www.zsohrobec.cz\/nove\/wp-content\/uploads\/2023\/10\/Samhain-svatek-svetla-420x420.jpg 420w, https:\/\/www.zsohrobec.cz\/nove\/wp-content\/uploads\/2023\/10\/Samhain-svatek-svetla-45x45.jpg 45w\" sizes=\"auto, (max-width: 150px) 100vw, 150px\" \/>&nbsp;&nbsp;&nbsp;&nbsp; <\/a><a href=\"https:\/\/www.zsohrobec.cz\/nove\/wp-content\/uploads\/2023\/12\/Vanocni-jarmark-2023.png\"><img loading=\"lazy\" decoding=\"async\" class=\"alignnone size-thumbnail wp-image-1703\" src=\"https:\/\/www.zsohrobec.cz\/nove\/wp-content\/uploads\/2023\/12\/Vanocni-jarmark-2023-150x150.png\" alt=\"\" width=\"150\" height=\"150\"><\/a><a href=\"https:\/\/www.zsohrobec.cz\/nove\/wp-content\/uploads\/2023\/10\/Samhain-svatek-svetla.jpg\"> &nbsp;&nbsp; <\/a><a href=\"https:\/\/www.zsohrobec.cz\/nove\/wp-content\/uploads\/2023\/12\/Vanocni-tvoreni-logo.jpg\"><img loading=\"lazy\" decoding=\"async\" class=\"alignnone size-thumbnail wp-image-1890\" src=\"https:\/\/www.zsohrobec.cz\/nove\/wp-content\/uploads\/2023\/12\/Vanocni-tvoreni-logo-150x150.jpg\" alt=\"\" width=\"150\" height=\"150\"><\/a><\/h1>\n<p>1.11.2023 &#8211; Sv\u00e1tek ohn\u011b Samhain (dlab\u00e1n\u00ed d\u00fdn\u00ed)<\/p>\n<p>24. 11. 2023 &#8211; V\u00e1no\u010dn\u00ed tvo\u0159en\u00ed (pro rodi\u010de a \u017e\u00e1ky)<\/p>\n<p>29. 11. 2023 &#8211; V\u00e1no\u010dn\u00ed tvo\u0159en\u00ed (pro rodi\u010de a \u017e\u00e1ky)<\/p>\n<p>6. 12.2023 &#8211;&nbsp; V\u00e1no\u010dn\u00ed jarmark<\/p>\n<p>29. 2. 2024 &#8211; Beseda se spisovatelkou Ester Starou pro \u017e\u00e1ky ve \u0161kole i pro rodi\u010de v odpoledn\u00edch hodin\u00e1ch<\/p>\n<p>27. 3. 2024 &#8211; finan\u010dn\u00ed gramotnost s \u010cSOB pro \u017e\u00e1ky 3. a\u017e 7. t\u0159\u00edd.<\/p>\n<p>b\u0159ezen &#8211; \u010derven &#8211; Sn\u00eddan\u011b ve \u0161kole<\/p>\n<p>24. 6. &#8211; 2. Zahradn\u00ed slavnost<\/p>\n<p>&nbsp;<\/p>\n<p><a href=\"https:\/\/www.zsohrobec.cz\/nove\/wp-content\/uploads\/2024\/01\/beseda_Ester_Stara.png\"><img loading=\"lazy\" decoding=\"async\" class=\"alignnone size-thumbnail wp-image-2327\" src=\"https:\/\/www.zsohrobec.cz\/nove\/wp-content\/uploads\/2024\/01\/beseda_Ester_Stara-150x150.png\" alt=\"\" width=\"150\" height=\"150\"><\/a> <a href=\"https:\/\/www.zsohrobec.cz\/nove\/wp-content\/uploads\/2024\/02\/CSOB.jpg\"><img loading=\"lazy\" decoding=\"async\" class=\"alignnone size-thumbnail wp-image-2382\" src=\"https:\/\/www.zsohrobec.cz\/nove\/wp-content\/uploads\/2024\/02\/CSOB-150x150.jpg\" alt=\"\" width=\"150\" height=\"150\"><\/a><\/p>\n<p>&nbsp;<\/p>\n<p>&nbsp;<\/p>\n<p>&nbsp;<\/p>\n<p>&nbsp;[\/vc_column_text][\/vc_column][\/vc_row]<\/p>\n","protected":false},"excerpt":{"rendered":"<p>[vc_row][vc_column][vc_column_text]Hlavn\u00edm c\u00edlem Spolku je rozvoj vzd\u011bl\u00e1vac\u00ed a z\u00e1jmov\u00e9 \u010dinnosti \u017e\u00e1k\u016f a spolupr\u00e1ce s veden\u00edm a zam\u011bstnanci Z\u0160 Ohrobec. Spolek d\u00e1le&nbsp;<a href=\"https:\/\/www.zsohrobec.cz\/nove\/spolek-rodicu\/\">&hellip;<\/a><\/p>\n","protected":false},"author":1,"featured_media":0,"parent":0,"menu_order":0,"comment_status":"closed","ping_status":"closed","template":"template-fullwidth.php","meta":{"ngg_post_thumbnail":0,"footnotes":""},"class_list":["post-419","page","type-page","status-publish","hentry","odd"],"_links":{"self":[{"href":"https:\/\/www.zsohrobec.cz\/nove\/wp-json\/wp\/v2\/pages\/419","targetHints":{"allow":["GET"]}}],"collection":[{"href":"https:\/\/www.zsohrobec.cz\/nove\/wp-json\/wp\/v2\/pages"}],"about":[{"href":"https:\/\/www.zsohrobec.cz\/nove\/wp-json\/wp\/v2\/types\/page"}],"author":[{"embeddable":true,"href":"https:\/\/www.zsohrobec.cz\/nove\/wp-json\/wp\/v2\/users\/1"}],"replies":[{"embeddable":true,"href":"https:\/\/www.zsohrobec.cz\/nove\/wp-json\/wp\/v2\/comments?post=419"}],"version-history":[{"count":38,"href":"https:\/\/www.zsohrobec.cz\/nove\/wp-json\/wp\/v2\/pages\/419\/revisions"}],"predecessor-version":[{"id":8404,"href":"https:\/\/www.zsohrobec.cz\/nove\/wp-json\/wp\/v2\/pages\/419\/revisions\/8404"}],"wp:attachment":[{"href":"https:\/\/www.zsohrobec.cz\/nove\/wp-json\/wp\/v2\/media?parent=419"}],"curies":[{"name":"wp","href":"https:\/\/api.w.org\/{rel}","templated":true}]}}