{"id":243,"date":"2018-03-01T09:55:59","date_gmt":"2018-03-01T09:55:59","guid":{"rendered":"http:\/\/superwise.aislinthemes.com\/?page_id=769"},"modified":"2026-04-29T16:08:03","modified_gmt":"2026-04-29T14:08:03","slug":"home-default","status":"publish","type":"page","link":"https:\/\/www.zsohrobec.cz\/nove\/","title":{"rendered":"Home Default"},"content":{"rendered":"<p>[vc_row gap=&#8221;10&#8243; css=&#8221;.vc_custom_1680191757496{margin-bottom: 70px !important;}&#8221;][vc_column css_animation=&#8221;fadeInUp&#8221; css=&#8221;.vc_custom_1523881287284{padding-top: 0px !important;}&#8221; el_class=&#8221;info-box-column&#8221;][vc_row_inner equal_height=&#8221;yes&#8221; gap=&#8221;20&#8243;][vc_column_inner el_class=&#8221;box-shadow&#8221; width=&#8221;1\/4&#8243; css=&#8221;.vc_custom_1679521430361{margin-bottom: 25px !important;border-bottom-width: 5px !important;padding-top: 35px !important;padding-bottom: 25px !important;background-color: #ffffff !important;border-bottom-color: #2690b1 !important;border-bottom-style: solid !important;border-radius: 15px !important;}&#8221;]\n\t\t\t\t\t<a\n\t\t\t\thref=\"https:\/\/www.zsohrobec.cz\/nove\/zakladni-skola\/\"\n\t\t\t\tclass=\"wh-theme-icon vc_custom_1693080909794  scp_theme_icon-07184f3226672305b2dd2bb894fc2b41\"\n\t\t\t\t\t\t\t\t\ttitle=\"Z\u00e1kladn\u00ed \u0161kola\"\n\t\t\t\t\t\t\t\t\t\t\t\t><i class=\"icon-edsuitesuitcase\"><\/i><\/a>\n\t\t\t\t[vc_custom_heading text=&#8221;Z\u00e1kladn\u00ed \u0161kola&#8221; font_container=&#8221;tag:h3|font_size:18px|text_align:center|color:%23707070&#8243; use_theme_fonts=&#8221;yes&#8221; css=&#8221;.vc_custom_1679588435261{margin-bottom: 4px !important;}&#8221; link=&#8221;url:https%3A%2F%2Fwww.zsohrobec.cz%2Fnove%2Fzakladni-skola%2F|title:Z%C3%A1kladn%C3%AD%20%C5%A1kola&#8221;][\/vc_column_inner][vc_column_inner el_class=&#8221;box-shadow&#8221; width=&#8221;1\/4&#8243; css=&#8221;.vc_custom_1679521423386{margin-bottom: 25px !important;border-bottom-width: 5px !important;padding-top: 35px !important;padding-bottom: 25px !important;background-color: #ffffff !important;border-bottom-color: #2690b1 !important;border-bottom-style: solid !important;border-radius: 15px !important;}&#8221;]\n\t\t\t\t\t<a\n\t\t\t\thref=\"https:\/\/www.zsohrobec.cz\/nove\/materska-skola\/\"\n\t\t\t\tclass=\"wh-theme-icon vc_custom_1693081121936  scp_theme_icon-0d2befce52a5b16f4426c674d729be32\"\n\t\t\t\t\t\t\t\t\ttitle=\"Mate\u0159sk\u00e1 \u0161kola\"\n\t\t\t\t\t\t\t\t\t\t\t\t><i class=\"icon-edsuiteic_wb_incandescent_black\"><\/i><\/a>\n\t\t\t\t[vc_custom_heading text=&#8221;Mate\u0159sk\u00e1 \u0161kola&#8221; font_container=&#8221;tag:h3|font_size:18px|text_align:center|color:%23707070&#8243; use_theme_fonts=&#8221;yes&#8221; css=&#8221;.vc_custom_1686920070575{margin-bottom: 4px !important;}&#8221; link=&#8221;url:https%3A%2F%2Fwww.zsohrobec.cz%2Fnove%2Fmaterska-skola%2F|title:Mate%C5%99sk%C3%A1%20%C5%A1kola&#8221;][\/vc_column_inner][vc_column_inner el_class=&#8221;box-shadow&#8221; width=&#8221;1\/4&#8243; css=&#8221;.vc_custom_1679518611573{margin-bottom: 25px !important;border-bottom-width: 5px !important;padding-top: 35px !important;padding-bottom: 25px !important;border-bottom-color: #2690b1 !important;border-bottom-style: solid !important;border-radius: 15px !important;}&#8221;]\n\t\t\t\t\t<a\n\t\t\t\thref=\"https:\/\/www.zsohrobec.cz\/nove\/skolni-druzina\/\"\n\t\t\t\tclass=\"wh-theme-icon vc_custom_1693081186647  scp_theme_icon-8b9966fc4b68a6b2e212173035e73f7c\"\n\t\t\t\t\t\t\t\t\ttitle=\"\u0160koln\u00ed dru\u017eina\"\n\t\t\t\t\t\t\t\t\t\t\t\t><i class=\"icon-edsuiteic_color_lens-one\"><\/i><\/a>\n\t\t\t\t[vc_custom_heading text=&#8221;\u0160koln\u00ed dru\u017eina&#8221; font_container=&#8221;tag:h3|font_size:18px|text_align:center&#8221; use_theme_fonts=&#8221;yes&#8221; css=&#8221;.vc_custom_1686920078743{margin-bottom: 4px !important;}&#8221; link=&#8221;url:https%3A%2F%2Fwww.zsohrobec.cz%2Fnove%2Fskolni-druzina%2F|title:%C5%A0koln%C3%AD%20dru%C5%BEina&#8221;][\/vc_column_inner][vc_column_inner el_class=&#8221;box-shadow&#8221; width=&#8221;1\/4&#8243; css=&#8221;.vc_custom_1679518710977{margin-bottom: 25px !important;border-bottom-width: 5px !important;padding-top: 35px !important;padding-bottom: 25px !important;border-bottom-color: #2690b1 !important;border-bottom-style: solid !important;border-radius: 15px !important;}&#8221;]\n\t\t\t\t\t<a\n\t\t\t\thref=\"https:\/\/www.zsohrobec.cz\/nove\/skolni-poradenske-pracoviste\/\"\n\t\t\t\tclass=\"wh-theme-icon vc_custom_1693081169489  scp_theme_icon-2721b8af0420771cd855128fa094eb79\"\n\t\t\t\t\t\t\t\t\ttitle=\"\u0160koln\u00ed poradensk\u00e9 pracovi\u0161t\u011b\"\n\t\t\t\t\t\t\t\t\t\t\t\t><i class=\"icon-edsuiteic_people\"><\/i><\/a>\n\t\t\t\t[vc_custom_heading text=&#8221;\u0160koln\u00ed poradensk\u00e9 pracovi\u0161t\u011b&#8221; font_container=&#8221;tag:h3|font_size:18px|text_align:center&#8221; use_theme_fonts=&#8221;yes&#8221; css=&#8221;.vc_custom_1686920096751{margin-bottom: 4px !important;}&#8221; link=&#8221;url:https%3A%2F%2Fwww.zsohrobec.cz%2Fnove%2Fskolni-poradenske-pracoviste%2F|title:%C5%A0koln%C3%AD%20poradensk%C3%A9%20pracovi%C5%A1t%C4%9B&#8221;][\/vc_column_inner][\/vc_row_inner][\/vc_column][\/vc_row][vc_row content_placement=&#8221;top&#8221; css=&#8221;.vc_custom_1686920312051{margin-bottom: 20px !important;}&#8221;][vc_column css=&#8221;.vc_custom_1514558056744{margin-bottom: 0px !important;}&#8221; offset=&#8221;vc_col-md-3&#8243;][vc_custom_heading text=&#8221;O n\u00e1s&#8221; font_container=&#8221;tag:h5|text_align:left|color:%232690b1&#8243; use_theme_fonts=&#8221;yes&#8221; link=&#8221;url:%23|||&#8221; css=&#8221;.vc_custom_1687765733851{margin-bottom: 13px !important;margin-left: 0px !important;padding-top: 2px !important;padding-left: 0px !important;}&#8221;][vc_column_text css=&#8221;.vc_custom_1760471024901{margin-bottom: 15px !important;}&#8221;]<strong>Z\u00e1kladn\u00ed \u0161kola&nbsp;<\/strong><\/p>\n<ul>\n<li>rozvoj kritick\u00e9ho my\u0161len\u00ed a etiky<\/li>\n<li>medi\u00e1ln\u00ed vzd\u011bl\u00e1v\u00e1n\u00ed jako kl\u00ed\u010dov\u00e1 kompetence dne\u0161n\u00ed doby<\/li>\n<li>matematika pos\u00edlen\u00e1 od prvn\u00ed t\u0159\u00eddy<\/li>\n<li>bezpe\u010dn\u00e9 prost\u0159ed\u00ed bez \u0161ikany a patologick\u00fdch jev\u016f<\/li>\n<li>rodinn\u00fd charakter \u0161koly s \u00fazkou spoluprac\u00ed s rodi\u010di<\/li>\n<li>spolupr\u00e1ce&nbsp;se \u0161koln\u00edm psychologem a metodikem prevence<\/li>\n<\/ul>\n<p><strong>Mate\u0159sk\u00e1 \u0161kola<\/strong><\/p>\n<ul>\n<li>rozvoj p\u0159irozen\u00e9 zv\u00eddavosti, tvo\u0159ivosti a fantazie<\/li>\n<li>budov\u00e1n\u00ed zdrav\u00e9ho sebev\u011bdom\u00ed a emo\u010dn\u00ed inteligence<\/li>\n<li>respektuj\u00edc\u00ed a p\u0159\u00e1telsk\u00e9 prost\u0159ed\u00ed pro ka\u017ed\u00e9 d\u00edt\u011b<\/li>\n<li>podpora samostatnosti a spolupr\u00e1ce v kolektivu<\/li>\n<li>\u00fazk\u00e9 propojen\u00ed rodiny a \u0161koly v duchu vz\u00e1jemn\u00e9 d\u016fv\u011bry<\/li>\n<\/ul>\n<p><strong><span style=\"color: #0000ff;\"><a style=\"color: #0000ff;\" href=\"https:\/\/www.zsohrobec.cz\/nove\/wp-content\/uploads\/2025\/08\/Harmonogram-skolniho-roku-ZS-2025_2026.pdf\">Harmonogram \u0161koln\u00edho roku Z\u0160 2025_2026<\/a><\/span><\/strong><\/p>\n<p><a href=\"https:\/\/www.zsohrobec.cz\/nove\/wp-content\/uploads\/2025\/08\/Harmonogram-skolniho-roku-MS-2025_2026.pdf\"><strong><span style=\"color: #0000ff;\">Harmonogram \u0161koln\u00edho roku M\u0160 2025_2026<\/span><\/strong><\/a><\/p>\n<p>&nbsp;[\/vc_column_text][\/vc_column][vc_column offset=&#8221;vc_col-md-6&#8243; css=&#8221;.vc_custom_1523950698918{margin-bottom: 100px !important;}&#8221;][vc_column_text css_animation=&#8221;none&#8221;]<\/p>\n<p style=\"text-align: center;\">&nbsp;<\/p>\n<p style=\"text-align: center;\"><strong>V\u00e1\u017een\u00ed rodi\u010de,<\/strong><\/p>\n<p style=\"text-align: center;\"><strong>r\u00e1di bychom V\u00e1s informovali, \u017ee v souladu s pokyny Ministerstva \u0161kolstv\u00ed, ml\u00e1de\u017ee a t\u011blov\u00fdchovy je upraven pr\u016fb\u011bh \u0161koln\u00edho roku&nbsp;2025\/2026.<\/strong><\/p>\n<p style=\"text-align: center;\"><strong>Toto opat\u0159en\u00ed se t\u00fdk\u00e1 z\u00e1kladn\u00edch \u0161kol, st\u0159edn\u00edch \u0161kol a konzervato\u0159\u00ed. Jedn\u00e1 se o zkr\u00e1cen\u00ed obdob\u00ed \u0161koln\u00edho vyu\u010dov\u00e1n\u00ed ve \u0161koln\u00edm roce&nbsp;2025\/2026.&nbsp;<span style=\"text-decoration: underline;\">\u0160koln\u00ed vyu\u010dov\u00e1n\u00ed&nbsp;tak kon\u010d\u00ed v p\u00e1tek 26. \u010dervna 2026.<\/span><\/strong><\/p>\n<p style=\"text-align: center;\"><strong>D\u011bkujeme za pochopen\u00ed.<\/strong><\/p>\n<p style=\"text-align: center;\"><strong>S pozdravem<\/strong><br \/>\n<strong>veden\u00ed \u0161koly<\/strong><\/p>\n<p>&nbsp;<\/p>\n<p style=\"text-align: center;\"><span style=\"color: #0000ff;\"><a style=\"color: #0000ff;\" href=\"https:\/\/www.zsohrobec.cz\/nove\/wp-content\/uploads\/2026\/04\/Vysledky-zapisu-do-MS-2026-2027.pdf\"><b>V\u00fdsledky z\u00e1pisu do mate\u0159sk\u00e9 \u0161koly pro \u0161koln\u00ed rok 2026 \/ 2027<\/b><\/a><\/span><\/p>\n<p style=\"text-align: center;\">Prvn\u00ed t\u0159\u00eddn\u00ed sch\u016fzky rodi\u010d\u016f d\u011bt\u00ed p\u0159ijat\u00fdch do M\u0160 se uskute\u010dn\u00ed 17. 6. 2026 od 16:00 v budov\u011b M\u0160.<\/p>\n<p style=\"text-align: center;\">Prvn\u00ed t\u0159\u00eddn\u00ed sch\u016fzky rodi\u010d\u016f d\u011bt\u00ed p\u0159ijat\u00fdch do Z\u0160 se uskute\u010dn\u00ed 18. 6. 2026 od 16:00 v budov\u011b Z\u0160 V Dol\u00edch 5.<\/p>\n<p style=\"text-align: center;\"><a href=\"https:\/\/www.zsohrobec.cz\/nove\/wp-content\/uploads\/2026\/04\/Vitezna-skupina-scaled.jpg\"><span style=\"color: #0000ff;\"><strong>V\u00edt\u011bzn\u00fd projekt 4. t\u0159\u00eddy na t\u00e9ma Uka\u017e, co dok\u00e1\u017ee\u0161<\/strong><\/span><br \/>\n<img loading=\"lazy\" decoding=\"async\" class=\"aligncenter wp-image-9013 size-medium\" src=\"https:\/\/www.zsohrobec.cz\/nove\/wp-content\/uploads\/2026\/04\/Vitezna-skupina-scaled-225x300.jpg\" alt=\"\" width=\"225\" height=\"300\" srcset=\"https:\/\/www.zsohrobec.cz\/nove\/wp-content\/uploads\/2026\/04\/Vitezna-skupina-scaled-225x300.jpg 225w, https:\/\/www.zsohrobec.cz\/nove\/wp-content\/uploads\/2026\/04\/Vitezna-skupina-scaled-768x1024.jpg 768w, https:\/\/www.zsohrobec.cz\/nove\/wp-content\/uploads\/2026\/04\/Vitezna-skupina-scaled.jpg 1920w\" sizes=\"auto, (max-width: 225px) 100vw, 225px\" \/><\/a><\/p>\n<p>[\/vc_column_text][\/vc_column][vc_column offset=&#8221;vc_col-md-3&#8243; css=&#8221;.vc_custom_1523951271941{margin-bottom: 45px !important;}&#8221;][vc_column_text]<strong>Pl\u00e1n akc\u00ed na \u0161koln\u00ed rok 2025\/2026<\/strong><\/p>\n<p>12. 1. 2026 &#8211; Policie preventivn\u00ed program 3. t\u0159\u00edda<\/p>\n<p>3. 2. 2026 &#8211; Den otev\u0159en\u00fdch dve\u0159\u00ed<\/p>\n<p>11. 2. &#8211; 12. 2.&nbsp; &#8211; z\u00e1pis do 1. t\u0159\u00eddy Z\u0160<\/p>\n<p>19. 2 . &#8211; Planet\u00e1rium 1. + 2. t\u0159\u00edda<\/p>\n<p>9. 3. &#8211; v\u00fdstava Body (7. + 9. t\u0159\u00edda)<\/p>\n<p>23. 3. &#8211; Beseda se spisovatelkou Kl\u00e1rou Smol\u00edkovou&nbsp;<\/p>\n<p>23. 3.&nbsp; &#8211; 27. 3. &#8211; projektov\u00fd t\u00fdden na t\u00e9ma VODA<\/p>\n<p>22. 4.&nbsp; &#8211; Den Zem\u011b (celo\u0161koln\u00ed akce)<\/p>\n<p>3. 5. &#8211; 7. 5. \u0160vP &#8211; 2. t\u0159\u00edda<\/p>\n<p>6. &#8211; 7. 5. Berl\u00edn 8. t\u0159\u00edda<\/p>\n<p>11. 5. &#8211; focen\u00ed t\u0159\u00edd<\/p>\n<p>13. 5. &#8211; Sn\u00eddan\u011b ve \u0161kole na hlavn\u00ed budov\u011b (zaji\u0161\u0165uje Spolek rodi\u010d\u016f)<\/p>\n<p>13. 5.&nbsp; &#8211; Recita\u010dn\u00ed sout\u011b\u017e<\/p>\n<p>19. 5.&nbsp; &#8211; \u0159editelsk\u00e9 volno<\/p>\n<p>27. 5.&nbsp; &#8211; Cambridgsk\u00e9 zkou\u0161ky<\/p>\n<p>27. 5. &#8211; celodenn\u00ed v\u00fdlety (ti, co nebudou skl\u00e1dat zkou\u0161ky)<\/p>\n<p>1.6. &#8211; 5. 6. &#8211; \u0160vP 1. t\u0159\u00edda, t\u00fdden sportu 3. + 4. t\u0159\u00edda<\/p>\n<p>12. 6. Sn\u00eddan\u011b ve \u0161kole na K\u00e1rov\u011b (zaji\u0161\u0165uje Spolek rodi\u010d\u016f)<\/p>\n<p>18. 6.&nbsp; Sch\u016fzka rodi\u010d\u016f budouc\u00edch prv\u0148\u00e1\u010dk\u016f<\/p>\n<p>24. 5.&nbsp; &#8211; 25. 6.&nbsp; Atletick\u00e9 z\u00e1vody<\/p>\n<p>25. 6.&nbsp; zahradn\u00ed slavnost v\u010detn\u011b pasov\u00e1n\u00ed dev\u00e1\u0165\u00e1k\u016f&nbsp;<\/p>\n<p>26. 6. Ukon\u010den\u00ed \u0161koln\u00edho roku<\/p>\n<p>&nbsp;<\/p>\n<p>&nbsp;<\/p>\n<p>&nbsp;[\/vc_column_text][vc_column_text][\/vc_column_text][\/vc_column][\/vc_row]<\/p>\n","protected":false},"excerpt":{"rendered":"<p>[vc_row gap=&#8221;10&#8243; css=&#8221;.vc_custom_1680191757496{margin-bottom: 70px !important;}&#8221;][vc_column css_animation=&#8221;fadeInUp&#8221; css=&#8221;.vc_custom_1523881287284{padding-top: 0px !important;}&#8221; el_class=&#8221;info-box-column&#8221;][vc_row_inner equal_height=&#8221;yes&#8221; gap=&#8221;20&#8243;][vc_column_inner el_class=&#8221;box-shadow&#8221; width=&#8221;1\/4&#8243; css=&#8221;.vc_custom_1679521430361{margin-bottom: 25px !important;border-bottom-width: 5px !important;padding-top: 35px&nbsp;<a href=\"https:\/\/www.zsohrobec.cz\/nove\/\">&hellip;<\/a><\/p>\n","protected":false},"author":1,"featured_media":0,"parent":0,"menu_order":0,"comment_status":"closed","ping_status":"closed","template":"template-home.php","meta":{"ngg_post_thumbnail":0,"footnotes":""},"class_list":["post-243","page","type-page","status-publish","hentry","odd"],"_links":{"self":[{"href":"https:\/\/www.zsohrobec.cz\/nove\/wp-json\/wp\/v2\/pages\/243","targetHints":{"allow":["GET"]}}],"collection":[{"href":"https:\/\/www.zsohrobec.cz\/nove\/wp-json\/wp\/v2\/pages"}],"about":[{"href":"https:\/\/www.zsohrobec.cz\/nove\/wp-json\/wp\/v2\/types\/page"}],"author":[{"embeddable":true,"href":"https:\/\/www.zsohrobec.cz\/nove\/wp-json\/wp\/v2\/users\/1"}],"replies":[{"embeddable":true,"href":"https:\/\/www.zsohrobec.cz\/nove\/wp-json\/wp\/v2\/comments?post=243"}],"version-history":[{"count":397,"href":"https:\/\/www.zsohrobec.cz\/nove\/wp-json\/wp\/v2\/pages\/243\/revisions"}],"predecessor-version":[{"id":9018,"href":"https:\/\/www.zsohrobec.cz\/nove\/wp-json\/wp\/v2\/pages\/243\/revisions\/9018"}],"wp:attachment":[{"href":"https:\/\/www.zsohrobec.cz\/nove\/wp-json\/wp\/v2\/media?parent=243"}],"curies":[{"name":"wp","href":"https:\/\/api.w.org\/{rel}","templated":true}]}}