{"id":1685,"date":"2023-11-21T20:09:52","date_gmt":"2023-11-21T19:09:52","guid":{"rendered":"https:\/\/www.zsohrobec.cz\/nove\/?page_id=1685"},"modified":"2025-09-03T14:08:56","modified_gmt":"2025-09-03T12:08:56","slug":"informace-o-sd","status":"publish","type":"page","link":"https:\/\/www.zsohrobec.cz\/nove\/informace-o-sd\/","title":{"rendered":"Informace o \u0160D"},"content":{"rendered":"<p>[vc_row][vc_column width=&#8221;1\/4&#8243;][vc_wp_custommenu title=&#8221;M\u0160 menu&#8221; nav_menu=&#8221;18&#8243;][\/vc_column][vc_column width=&#8221;3\/4&#8243;][vc_column_text]<\/p>\n<h1 class=\"has-text-align-center wp-block-heading\">INFORMACE O \u0160D<\/h1>\n<hr class=\"wp-block-separator has-text-color has-background has-white-background-color has-white-color\">\n<p>\u0160koln\u00ed dru\u017eina ve \u0161koln\u00edm roce 2025\/2026 m\u00e1 2 odd\u011blen\u00ed.&nbsp;<\/p>\n<ul>\n<li>prvn\u00ed odd\u011blen\u00ed&nbsp; &#8211; prvn\u00ed ro\u010dn\u00edk + t\u0159et\u00ed ro\u010dn\u00edk (Krist\u00fdna Hole\u010dkov\u00e1)<\/li>\n<li>druh\u00e9 odd\u011blen\u00ed&nbsp; &#8211; druh\u00fd + t\u0159et\u00ed ro\u010dn\u00edk (Alena Slov\u00e1kov\u00e1 + Hana Hlav\u00e1\u010dkov\u00e1)<\/li>\n<\/ul>\n<p><strong>\u0160koln\u00ed dru\u017einu mohou nav\u0161t\u011bvovat pouze \u017e\u00e1ci 1. a\u017e 3. t\u0159\u00eddy&nbsp;<\/strong><\/p>\n<p><strong>Provoz \u0161koln\u00ed dru\u017einy je zah\u00e1jen 2. 9. 2025<\/strong><\/p>\n<p><strong>(ihned po ukon\u010den\u00ed vyu\u010dov\u00e1n\u00ed)<\/strong><\/p>\n<p><strong><u>Provozn\u00ed doba \u0160D:<\/u><\/strong><\/p>\n<ul>\n<li><strong>Rann\u00ed dru\u017eina funguje od 7:00 do 7:40<\/strong><\/li>\n<li><strong>Vyu\u010dov\u00e1n\u00ed \u017e\u00e1k\u016f prob\u00edh\u00e1 dle rozvrhu<\/strong><\/li>\n<li><strong>Odpoledn\u00ed dru\u017eina funguje od ukon\u010den\u00ed vyu\u010dov\u00e1n\u00ed do 17:00<\/strong>&nbsp;<strong>(v p\u00e1tek do 16:00)<\/strong><\/li>\n<\/ul>\n<p><strong><u>Re\u017eim \u0160D<\/u><\/strong>:<\/p>\n<ul>\n<li>7:00 \u2013 7:40 hodin&nbsp;rann\u00ed dru\u017eina<\/li>\n<li>konec vyu\u010dov\u00e1n\u00ed \u2013 13:00 <strong>d\u011bti lze vyzved\u00e1vat<\/strong>&nbsp;\u2013 odpo\u010dinkov\u00e9 a relaxa\u010dn\u00ed \u010dinnosti, z\u00e1jmov\u00e9 \u010dinnosti<\/li>\n<li>13:00 \u2013 14:45&nbsp; <strong>d\u011bti&nbsp; nelze&nbsp; vyzved\u00e1vat<\/strong>&nbsp;\u2013 vych\u00e1zky, pobyt na h\u0159i\u0161ti jednotliv\u00e1 odd\u011blen\u00ed<\/li>\n<li>14:45 \u2013 konec provozn\u00ed doby \u2013 <strong>postupn\u00fd odchod d\u011bt\u00ed<\/strong>&nbsp;\/&nbsp;<strong>d\u011bti lze vyzved\u00e1vat<\/strong>&nbsp;\u2013 spojen\u00ed prvn\u00edho a druh\u00e9ho odd\u011blen\u00ed,&nbsp;&nbsp;hygiena, sva\u010dina, pitn\u00fd re\u017eim, \u010dinnosti dle volby&nbsp;d\u011bt\u00ed,&nbsp;\u00faklid &nbsp;&nbsp;<\/li>\n<\/ul>\n<p>Vyzved\u00e1v\u00e1n\u00ed:<\/p>\n<ul>\n<li>Rodi\u010de NEVSTUPUJ\u00cd do prostor \u0161koly. Na sv\u00e9 d\u011bti \u010dekaj\u00ed p\u0159ed budovou \u0161koly<\/li>\n<li>D\u011bti se lou\u010d\u00ed s&nbsp;pan\u00ed vychovatelkou osobn\u00edm pozdraven\u00edm<\/li>\n<\/ul>\n<p><strong><u>Doporu\u010den\u00ed oble\u010den\u00ed do \u0160D:<\/u><\/strong><\/p>\n<ul>\n<li>P\u0159ez\u016fvky \u2013 dle uv\u00e1\u017een\u00ed (nesm\u00ed b\u00fdt tenisky)<\/li>\n<li>V&nbsp;l\u00e9t\u011b sta\u010d\u00ed \u0161ortky a tri\u010dko,&nbsp;pokr\u00fdvka hlavy,&nbsp;br\u00fdle,&nbsp;opalovac\u00ed kr\u00e9m a repelent (prevence \u00fapalu a \u00fa\u017eehu).&nbsp;<\/li>\n<li>V&nbsp;chladn\u011bj\u0161\u00edch dnech mikinu nebo svetr a tepl\u00e1ky, pop\u0159. bundu a boty, aby si d\u011bti neumazaly ty, ve kter\u00fdch p\u0159i\u0161ly do \u0161koly. V\u0161e budou m\u00edt ulo\u017eeno ve sv\u00fdch sk\u0159\u00ed\u0148k\u00e1ch v \u0161atn\u011b. Na zimu pak pros\u00edme rodi\u010de, aby dbali na tepl\u00e9 oble\u010den\u00ed (rukavice, \u010depice, \u0161\u00e1ly).<\/li>\n<li>Pros\u00edme v\u0161echny v\u011bci podepsat!<\/li>\n<\/ul>\n<p><strong><u>Poplatek za \u0161koln\u00ed dru\u017einu:<\/u><\/strong><\/p>\n<p>Platbu ohledn\u011b \u0160D uhra\u010fte dle n\u00e1sleduj\u00edc\u00edch pokyn\u016f:<\/p>\n<ul>\n<li><strong>Pro \u0161koln\u00ed rok 2025\/2026 je poplatek stanoven n\u00e1sledovn\u011b: 2 000 K\u010d \/ pololet\u00ed&nbsp; (splatnost je do 31. 8. 2025 za 1. pol. a 31. 1. 2026 za 2. pol.)<\/strong><\/li>\n<li>Platby se \u0159e\u0161\u00ed s&nbsp;pan\u00ed ekonomkou (tacnerova@zsohrobec.cz)<\/li>\n<li>\u010c\u00edslo \u00fa\u010dtu: 2601825808\/2010<\/li>\n<li>Variabiln\u00ed symboly: \u010d\u00edslo \u017e\u00e1ka &#8211; st\u00e1le stejn\u00e9 od zah\u00e1jen\u00ed doch\u00e1zky v Z\u0160 Ohrobec (pokud nev\u00edte, po\u017e\u00e1dejte t\u0159\u00eddn\u00edho u\u010ditele va\u0161eho d\u00edt\u011bte)<\/li>\n<li>Do pozn\u00e1mky uve\u010fte jm\u00e9no a p\u0159\u00edjmen\u00ed d\u00edt\u011bte<\/li>\n<\/ul>\n<p><strong><u>Kontakty Z\u0160 \/ \u0160D:<\/u><\/strong><\/p>\n<ul>\n<li>Obecn\u00fd email:&nbsp;&nbsp;&nbsp;<a href=\"mailto:skola@zsohrobec.cz\">skola@zsohrobec.cz<\/a><\/li>\n<li>Telefony do \u0160D: 1. odd\u011blen\u00ed &#8211; 608 691 318<\/li>\n<\/ul>\n<p>&nbsp; &nbsp; &nbsp; &nbsp; &nbsp; &nbsp; &nbsp; &nbsp; &nbsp; &nbsp; &nbsp; &nbsp; &nbsp; &nbsp; &nbsp; &nbsp; &nbsp; &nbsp; &nbsp; &nbsp; 2. odd\u011blen\u00ed &#8211; 608 691 614<\/p>\n<p>\u0158editel \u0161koly:&nbsp; Mgr. Petr Pavelka<\/p>\n<p>Email: &nbsp;&nbsp;<a href=\"mailto:pavelka@zsohrobec.cz\">pavelka@zsohrobec.cz<\/a><\/p>\n<p>Tel.:&nbsp;&nbsp;&nbsp;&nbsp;&nbsp;&nbsp; 602&nbsp;539&nbsp;738[\/vc_column_text][\/vc_column][\/vc_row]<\/p>\n","protected":false},"excerpt":{"rendered":"<p>[vc_row][vc_column width=&#8221;1\/4&#8243;][vc_wp_custommenu title=&#8221;M\u0160 menu&#8221; nav_menu=&#8221;18&#8243;][\/vc_column][vc_column width=&#8221;3\/4&#8243;][vc_column_text] INFORMACE O \u0160D \u0160koln\u00ed dru\u017eina ve \u0161koln\u00edm roce 2025\/2026 m\u00e1 2 odd\u011blen\u00ed.&nbsp; prvn\u00ed odd\u011blen\u00ed&nbsp;&nbsp;<a href=\"https:\/\/www.zsohrobec.cz\/nove\/informace-o-sd\/\">&hellip;<\/a><\/p>\n","protected":false},"author":1,"featured_media":0,"parent":0,"menu_order":0,"comment_status":"closed","ping_status":"closed","template":"template-fullwidth.php","meta":{"ngg_post_thumbnail":0,"footnotes":""},"class_list":["post-1685","page","type-page","status-publish","hentry","odd"],"_links":{"self":[{"href":"https:\/\/www.zsohrobec.cz\/nove\/wp-json\/wp\/v2\/pages\/1685","targetHints":{"allow":["GET"]}}],"collection":[{"href":"https:\/\/www.zsohrobec.cz\/nove\/wp-json\/wp\/v2\/pages"}],"about":[{"href":"https:\/\/www.zsohrobec.cz\/nove\/wp-json\/wp\/v2\/types\/page"}],"author":[{"embeddable":true,"href":"https:\/\/www.zsohrobec.cz\/nove\/wp-json\/wp\/v2\/users\/1"}],"replies":[{"embeddable":true,"href":"https:\/\/www.zsohrobec.cz\/nove\/wp-json\/wp\/v2\/comments?post=1685"}],"version-history":[{"count":11,"href":"https:\/\/www.zsohrobec.cz\/nove\/wp-json\/wp\/v2\/pages\/1685\/revisions"}],"predecessor-version":[{"id":6730,"href":"https:\/\/www.zsohrobec.cz\/nove\/wp-json\/wp\/v2\/pages\/1685\/revisions\/6730"}],"wp:attachment":[{"href":"https:\/\/www.zsohrobec.cz\/nove\/wp-json\/wp\/v2\/media?parent=1685"}],"curies":[{"name":"wp","href":"https:\/\/api.w.org\/{rel}","templated":true}]}}